{"id":783,"date":"2023-07-06T09:04:51","date_gmt":"2023-07-06T07:04:51","guid":{"rendered":"https:\/\/t-short.art\/intro\/?page_id=783"},"modified":"2024-02-03T22:26:05","modified_gmt":"2024-02-03T20:26:05","slug":"ueber-uns","status":"publish","type":"page","link":"https:\/\/t-short.art\/intro\/index.php\/de\/ueber-uns\/","title":{"rendered":"\u00dcber uns"},"content":{"rendered":"<div class=\"wpb-content-wrapper\"><p>[vc_row][vc_column width=&#187;1\/2&#8243;][vc_empty_space][vc_custom_heading text=&#187;Marat Barsky&#187; font_container=&#187;tag:h2|font_size:24px|text_align:center&#187; use_theme_fonts=&#187;yes&#187; css_animation=&#187;slideInDown&#187; el_class=&#187;no-letter-spacing&#187;][vc_custom_heading text=&#187;Unabh\u00e4ngiger Produzent und Organisator seit 1996&#8243; font_container=&#187;tag:h3|font_size:22px|text_align:center&#187; use_theme_fonts=&#187;yes&#187; css_animation=&#187;slideInDown&#187; el_class=&#187;no-letter-spacing&#187;][vc_single_image image=&#187;843&#8243; img_size=&#187;full&#187; alignment=&#187;right&#187; css_animation=&#187;zoomIn&#187;][\/vc_column][vc_column width=&#187;1\/2&#8243;][vc_empty_space][vc_column_text]Mein Name ist <strong>Marat Barsky<\/strong>, ich bin unabh\u00e4ngiger Produzent und Organisator von Veranstaltungen, Gr\u00fcnder und Organisator des Internationalen Animationsfilmfestivals \u2013 <strong><a href=\"http:\/\/www.bimini.lv\/\">BIMINI<\/a><\/strong> (Riga, Lettland) und des <strong>T-Short<\/strong> Animationsfilmfestivals (Karlsruhe, Deutschland).<\/p>\n<p>Ich habe <strong>1996<\/strong> mit der Organisation von Veranstaltungen begonnen. In Zusammenarbeit mit meinen beiden Freunden haben wir damit begonnen, riesige Techno-Partys in Lettland zu organisieren. Wir haben also bis Ende 2001 zusammengearbeitet und dann ist jeder seinen eigenen Weg gegangen.<\/p>\n<p>W\u00e4hrend meiner T\u00e4tigkeit in Lettland <strong>von 1996 bis 2009<\/strong> wurden viele \u00f6ffentliche und private Veranstaltungen durchgef\u00fchrt. Einige dieser Veranstaltungen wurden sowohl in Zusammenarbeit mit anderen Produzenten organisiert, andere wurden jedoch ausschlie\u00dflich von mir pers\u00f6nlich organisiert. Einige Veranstaltungen fanden zum ersten Mal in Lettland statt, darunter das BIMINI-Festival.<\/p>\n<p>Alle gro\u00dfen \u00f6ffentlichen Veranstaltungen wurden von f\u00fchrenden Mediengruppen, privaten Sponsoren und der Regierung unterst\u00fctzt.[\/vc_column_text][vc_btn title=&#187;weiter&#187; size=&#187;lg&#187; align=&#187;left&#187; css_animation=&#187;fadeInDown&#187; link=&#187;url:https%3A%2F%2Ft-short.art%2Fintro%2Findex.php%2Fde%2Fmarat-barsky-2%2F|title:Marat%20Barsky&#187;][\/vc_column][\/vc_row][vc_row][vc_column width=&#187;1\/2&#8243;][vc_empty_space][vc_single_image image=&#187;1476&#8243; img_size=&#187;full&#187;][vc_single_image image=&#187;1630&#8243; img_size=&#187;full&#187; alignment=&#187;center&#187; css_animation=&#187;zoomIn&#187;][\/vc_column][vc_column width=&#187;1\/2&#8243;][vc_empty_space][vc_custom_heading text=&#187;Victor Ovtschinnikov&#187; font_container=&#187;tag:h2|font_size:24px|text_align:center&#187; use_theme_fonts=&#187;yes&#187; css_animation=&#187;slideInDown&#187; el_class=&#187;no-letter-spacing&#187;][vc_custom_heading text=&#187;Senior Web Developer mit mehr als 18 Jahren Erfahrung&#187; font_container=&#187;tag:h3|font_size:22|text_align:center&#187; use_theme_fonts=&#187;yes&#187; css_animation=&#187;slideInDown&#187; el_class=&#187;no-letter-spacing&#187;][vc_column_text]Mein Name ist <strong>Victor Ovtschinnikov<\/strong>.<\/p>\n<p>Ich habe meine Reise mit der <strong>Webentwicklung seit 2005 begonnen<\/strong>.<\/p>\n<p>Ich habe mit <strong>verschiedenen Unternehmen<\/strong> und mit <strong>verschiedenen Technologien<\/strong> gearbeitet.<\/p>\n<p>Ich arbeite seit <strong>7 Jahren mit dem React-Framework<\/strong>. Neben dem Framework verwende ich <strong>Typescript in der Webentwicklung<\/strong> und folge beim <strong>Codieren Best Practices<\/strong>.<\/p>\n<p>Verantwortung und Durchsetzbarkeit sind die Eigenschaften, die ich verfolge.<br \/>\nMein Hauptziel ist es, <strong>qualitativ hochwertige Produkte anzubieten<\/strong>, um Kunden und Benutzer zufrieden zu stellen.<\/p>\n<p>Es macht Freude, <strong>mit Unternehmen zusammenarbeiten, ihnen zu helfen und sie zu beraten.<\/strong>[\/vc_column_text][vc_btn title=&#187;weiter&#187; size=&#187;lg&#187; align=&#187;left&#187; css_animation=&#187;fadeInDown&#187; link=&#187;url:https%3A%2F%2Ft-short.art%2Fintro%2Findex.php%2Fde%2Fvictor-ovchinnikov%2F|title:Victor%20Ovchinnikov&#187;][\/vc_column][\/vc_row][vc_row][vc_column width=&#187;1\/2&#8243;][vc_empty_space][vc_single_image image=&#187;1476&#8243; img_size=&#187;full&#187;][vc_single_image image=&#187;2204&#8243; img_size=&#187;full&#187; alignment=&#187;center&#187; css_animation=&#187;zoomIn&#187;][\/vc_column][vc_column width=&#187;1\/2&#8243;][vc_empty_space][vc_custom_heading text=&#187;Vita Valdmane&#187; font_container=&#187;tag:h2|font_size:24px|text_align:center&#187; use_theme_fonts=&#187;yes&#187; css_animation=&#187;slideInDown&#187; el_class=&#187;no-letter-spacing&#187;][vc_custom_heading text=&#187;Meisterin der Keramik und Autorin des Preises&#187; font_container=&#187;tag:h3|font_size:22|text_align:center&#187; use_theme_fonts=&#187;yes&#187; css_animation=&#187;slideInDown&#187; el_class=&#187;no-letter-spacing&#187;][vc_column_text]Mein Name ist\u00a0<strong>Vita Valdmane<\/strong>.<\/p>\n<p>Ich habe mein ganzes Leben der Kunst gewidmet.<\/p>\n<p>Meine Werke wurden und werden auf Ausstellungen und Symposien in vielen europ\u00e4ischen L\u00e4ndern pr\u00e4sentiert.<\/p>\n<p>Ich habe an mehreren Animationsprojekten teilgenommen.<\/p>\n<p>Von 2003 bis 2008 habe ich Preise f\u00fcr das\u00a0<a href=\"https:\/\/www.bimini.lv\/\" target=\"_blank\" rel=\"noopener\"><strong>BIMINI<\/strong><\/a>\u00a0International Animated Film Festival in Riga, Lettland, geschaffen.<\/p>\n<p>Von 2021 bis heute gestalte ich Preise f\u00fcr das\u00a0<strong>T-Short<\/strong>\u00a0Animationsfilmfestival.[\/vc_column_text][vc_btn title=&#187;weiter&#187; size=&#187;lg&#187; align=&#187;left&#187; css_animation=&#187;fadeInDown&#187; link=&#187;url:https%3A%2F%2Ft-short.art%2Fintro%2Findex.php%2Fde%2Fvita-valdmane-2%2F|title:Victor%20Ovchinnikov&#187;][\/vc_column][\/vc_row][vc_row][vc_column][vc_empty_space height=&#187;62px&#187;][\/vc_column][\/vc_row]<\/p>\n<\/div>","protected":false},"excerpt":{"rendered":"<p>[vc_row][vc_column width=&#187;1\/2&#8243;][vc_empty_space][vc_custom_heading text=&#187;Marat Barsky&#187; font_container=&#187;tag:h2|font_size:24px|text_align:center&#187; use_theme_fonts=&#187;yes&#187; css_animation=&#187;slideInDown&#187; el_class=&#187;no-letter-spacing&#187;][vc_custom_heading text=&#187;Unabh\u00e4ngiger Produzent und Organisator seit 1996&#8243; font_container=&#187;tag:h3|font_size:22px|text_align:center&#187; use_theme_fonts=&#187;yes&#187; css_animation=&#187;slideInDown&#187; el_class=&#187;no-letter-spacing&#187;][vc_single_image image=&#187;843&#8243; img_size=&#187;full&#187; alignment=&#187;right&#187; css_animation=&#187;zoomIn&#187;][\/vc_column][vc_column width=&#187;1\/2&#8243;][vc_empty_space][vc_column_text]Mein Name ist Marat Barsky, ich bin unabh\u00e4ngiger Produzent und Organisator von Veranstaltungen, Gr\u00fcnder und Organisator des Internationalen Animationsfilmfestivals \u2013 BIMINI (Riga, Lettland) und des T-Short Animationsfilmfestivals (Karlsruhe, Deutschland). Ich habe 1996 mit [&hellip;]<\/p>\n","protected":false},"author":1,"featured_media":0,"parent":0,"menu_order":0,"comment_status":"closed","ping_status":"closed","template":"page.php","meta":{"footnotes":""},"class_list":["post-783","page","type-page","status-publish","hentry"],"_links":{"self":[{"href":"https:\/\/t-short.art\/intro\/index.php\/wp-json\/wp\/v2\/pages\/783","targetHints":{"allow":["GET"]}}],"collection":[{"href":"https:\/\/t-short.art\/intro\/index.php\/wp-json\/wp\/v2\/pages"}],"about":[{"href":"https:\/\/t-short.art\/intro\/index.php\/wp-json\/wp\/v2\/types\/page"}],"author":[{"embeddable":true,"href":"https:\/\/t-short.art\/intro\/index.php\/wp-json\/wp\/v2\/users\/1"}],"replies":[{"embeddable":true,"href":"https:\/\/t-short.art\/intro\/index.php\/wp-json\/wp\/v2\/comments?post=783"}],"version-history":[{"count":48,"href":"https:\/\/t-short.art\/intro\/index.php\/wp-json\/wp\/v2\/pages\/783\/revisions"}],"predecessor-version":[{"id":2304,"href":"https:\/\/t-short.art\/intro\/index.php\/wp-json\/wp\/v2\/pages\/783\/revisions\/2304"}],"wp:attachment":[{"href":"https:\/\/t-short.art\/intro\/index.php\/wp-json\/wp\/v2\/media?parent=783"}],"curies":[{"name":"wp","href":"https:\/\/api.w.org\/{rel}","templated":true}]}}