{"id":3713,"date":"2025-12-13T13:27:27","date_gmt":"2025-12-13T11:27:27","guid":{"rendered":"https:\/\/t-short.art\/intro\/?page_id=3713"},"modified":"2025-12-14T10:07:17","modified_gmt":"2025-12-14T08:07:17","slug":"preistraeger-2025","status":"publish","type":"page","link":"https:\/\/t-short.art\/intro\/index.php\/de\/preistraeger-2025\/","title":{"rendered":"Preistr\u00e4ger 2025"},"content":{"rendered":"<div class=\"wpb-content-wrapper\"><p>[vc_row][vc_column width=&#187;1\/6&#8243;][\/vc_column][vc_column width=&#187;2\/3&#8243;][vc_empty_space height=&#187;62px&#187;][vc_column_text]<\/p>\n<p style=\"text-align: center;\"><strong>Unser besonderer Dank gilt allen Festivalteilnehmern und Zuschauern.<\/strong><\/p>\n<p style=\"text-align: center;\">Wir danken unserer wunderbaren <a href=\"https:\/\/t-short.art\/intro\/index.php\/de\/jury-2025-2\/\">Jury<\/a> f\u00fcr ihre Arbeit und f\u00fcr die schwierige Auswahl der Festivalsieger.<\/p>\n<p style=\"text-align: center;\">Insgesamt wurden f\u00fcr die Filmauswahl mehr als 2000 Bewerbungen eingereicht.<\/p>\n<p style=\"text-align: center;\">Alle Festivalprogramme umfassten 335 animierte Kurzfilme.<\/p>\n<p style=\"text-align: center;\">Das Festival ist vorbei, wir freuen uns, die Ergebnisse des T-Short Festivals 2025 bekannt zu geben.<\/p>\n<p><span style=\"color: #ffffff;\">.<\/span><\/p>\n<h3 style=\"text-align: center;\"><strong>PREISE<\/strong><\/h3>\n<p><span style=\"color: #ffffff;\">.<\/span><\/p>\n<h3 style=\"text-align: center;\"><strong>Das Beste vom Besten<\/strong><\/h3>\n<h4 style=\"text-align: center;\">Earth coal \/ Erdkohle<br \/>\n\/Charbon de terre\/<br \/>\n(Frankreich, 2024)<strong><br \/>\n<\/strong><\/h4>\n<p style=\"text-align: center;\"><strong>Regie:<\/strong> Bastien DUPRIEZ<\/p>\n<p><img loading=\"lazy\" decoding=\"async\" class=\"alignnone wp-image-3756 size-full\" src=\"https:\/\/t-short.art\/intro\/wp-content\/uploads\/2025\/12\/Earth-coal-1.jpg\" alt=\"\" width=\"1920\" height=\"804\" srcset=\"https:\/\/t-short.art\/intro\/wp-content\/uploads\/2025\/12\/Earth-coal-1.jpg 1920w, https:\/\/t-short.art\/intro\/wp-content\/uploads\/2025\/12\/Earth-coal-1-300x126.jpg 300w, https:\/\/t-short.art\/intro\/wp-content\/uploads\/2025\/12\/Earth-coal-1-1024x429.jpg 1024w, https:\/\/t-short.art\/intro\/wp-content\/uploads\/2025\/12\/Earth-coal-1-768x322.jpg 768w, https:\/\/t-short.art\/intro\/wp-content\/uploads\/2025\/12\/Earth-coal-1-1536x643.jpg 1536w\" sizes=\"auto, (max-width: 1920px) 100vw, 1920px\" \/><\/p>\n<p><span style=\"color: #ffffff;\">.<\/span><\/p>\n<h3 style=\"text-align: center;\"><strong>Der Beste Erz\u00e4hlfilm<\/strong><\/h3>\n<h4 style=\"text-align: center;\">The Night Boots \/ Die Nachtstiefel<br \/>\n\/Les Bottes de la Nuit\/<br \/>\n(Frankreich, 2024)<\/h4>\n<p style=\"text-align: center;\"><strong>Regie:<\/strong> Pierre-Luc Granjon<\/p>\n<p><img loading=\"lazy\" decoding=\"async\" class=\"alignnone wp-image-3707 size-full\" src=\"https:\/\/t-short.art\/intro\/wp-content\/uploads\/2025\/11\/The-Night-Boots.jpg\" alt=\"\" width=\"1385\" height=\"1080\" srcset=\"https:\/\/t-short.art\/intro\/wp-content\/uploads\/2025\/11\/The-Night-Boots.jpg 1385w, https:\/\/t-short.art\/intro\/wp-content\/uploads\/2025\/11\/The-Night-Boots-300x234.jpg 300w, https:\/\/t-short.art\/intro\/wp-content\/uploads\/2025\/11\/The-Night-Boots-1024x798.jpg 1024w, https:\/\/t-short.art\/intro\/wp-content\/uploads\/2025\/11\/The-Night-Boots-768x599.jpg 768w\" sizes=\"auto, (max-width: 1385px) 100vw, 1385px\" \/><\/p>\n<p><span style=\"color: #ffffff;\">.<\/span><\/p>\n<h3 style=\"text-align: center;\"><strong>Der Beste Bizarre Film<\/strong><\/h3>\n<h4 style=\"text-align: center;\">On Weary Wings Go By \/ Die V\u00f6gel sind weg<br \/>\n\/Linnud l\u00e4inud\/<br \/>\n(Estland, Litauen, 2024)<\/h4>\n<p style=\"text-align: center;\"><strong>Regie:<\/strong> Anu-Laura Tuttelberg<\/p>\n<p><img loading=\"lazy\" decoding=\"async\" class=\"alignnone wp-image-3580 size-full\" src=\"https:\/\/t-short.art\/intro\/wp-content\/uploads\/2025\/11\/On-Weary-Wings-Go-By-2.jpg\" alt=\"\" width=\"1383\" height=\"1038\" srcset=\"https:\/\/t-short.art\/intro\/wp-content\/uploads\/2025\/11\/On-Weary-Wings-Go-By-2.jpg 1383w, https:\/\/t-short.art\/intro\/wp-content\/uploads\/2025\/11\/On-Weary-Wings-Go-By-2-300x225.jpg 300w, https:\/\/t-short.art\/intro\/wp-content\/uploads\/2025\/11\/On-Weary-Wings-Go-By-2-1024x769.jpg 1024w, https:\/\/t-short.art\/intro\/wp-content\/uploads\/2025\/11\/On-Weary-Wings-Go-By-2-768x576.jpg 768w\" sizes=\"auto, (max-width: 1383px) 100vw, 1383px\" \/><\/p>\n<p><span style=\"color: #ffffff;\">.<\/span><\/p>\n<h3 style=\"text-align: center;\"><strong>Der Beste Deb\u00fctfilm<\/strong><\/h3>\n<h4 style=\"text-align: center;\">Balconada<br \/>\n(Bulgarien, 2025)<\/h4>\n<p style=\"text-align: center;\"><strong>Regie:<\/strong> Iva Tokmakchieva<\/p>\n<p><img loading=\"lazy\" decoding=\"async\" class=\"alignnone wp-image-3547 size-full\" src=\"https:\/\/t-short.art\/intro\/wp-content\/uploads\/2025\/11\/Balconada_still_06-min.jpg\" alt=\"\" width=\"1920\" height=\"1013\" srcset=\"https:\/\/t-short.art\/intro\/wp-content\/uploads\/2025\/11\/Balconada_still_06-min.jpg 1920w, https:\/\/t-short.art\/intro\/wp-content\/uploads\/2025\/11\/Balconada_still_06-min-300x158.jpg 300w, https:\/\/t-short.art\/intro\/wp-content\/uploads\/2025\/11\/Balconada_still_06-min-1024x540.jpg 1024w, https:\/\/t-short.art\/intro\/wp-content\/uploads\/2025\/11\/Balconada_still_06-min-768x405.jpg 768w, https:\/\/t-short.art\/intro\/wp-content\/uploads\/2025\/11\/Balconada_still_06-min-1536x810.jpg 1536w\" sizes=\"auto, (max-width: 1920px) 100vw, 1920px\" \/><\/p>\n<h3 style=\"text-align: center;\"><strong><br \/>\nDie Beste Liebesgeschichte<br \/>\n<\/strong><\/h3>\n<h4 style=\"text-align: center;\">Long Distance \/ Fernbeziehung<br \/>\n\/Longue Distance\/<br \/>\n(Frankreich, 2025)<\/h4>\n<p style=\"text-align: center;\"><strong>Regie:<\/strong> Iulia Voitova<\/p>\n<p><img loading=\"lazy\" decoding=\"async\" class=\"alignnone wp-image-3572 size-full\" src=\"https:\/\/t-short.art\/intro\/wp-content\/uploads\/2025\/11\/Long-Distance.jpg\" alt=\"\" width=\"1920\" height=\"1080\" srcset=\"https:\/\/t-short.art\/intro\/wp-content\/uploads\/2025\/11\/Long-Distance.jpg 1920w, https:\/\/t-short.art\/intro\/wp-content\/uploads\/2025\/11\/Long-Distance-300x169.jpg 300w, https:\/\/t-short.art\/intro\/wp-content\/uploads\/2025\/11\/Long-Distance-1024x576.jpg 1024w, https:\/\/t-short.art\/intro\/wp-content\/uploads\/2025\/11\/Long-Distance-768x432.jpg 768w, https:\/\/t-short.art\/intro\/wp-content\/uploads\/2025\/11\/Long-Distance-1536x864.jpg 1536w, https:\/\/t-short.art\/intro\/wp-content\/uploads\/2025\/11\/Long-Distance-1000x563.jpg 1000w\" sizes=\"auto, (max-width: 1920px) 100vw, 1920px\" \/><\/p>\n<p><span style=\"color: #ffffff;\">.<\/span><\/p>\n<h3 style=\"text-align: center;\"><strong>Der Beste Erz\u00e4hlfilm von Studierenden<\/strong><\/h3>\n<h4 style=\"text-align: center;\">Something That Is Missing \/ Etwas, was fehlt<br \/>\n(Polen, 2024)<\/h4>\n<p style=\"text-align: center;\"><strong>Regie:<\/strong> Pola Lotta W\u0142odarczyk<\/p>\n<p><img loading=\"lazy\" decoding=\"async\" class=\"alignnone wp-image-3762 size-full\" src=\"https:\/\/t-short.art\/intro\/wp-content\/uploads\/2025\/12\/Something-That-Is-Missing-1.jpg\" alt=\"\" width=\"1920\" height=\"1080\" srcset=\"https:\/\/t-short.art\/intro\/wp-content\/uploads\/2025\/12\/Something-That-Is-Missing-1.jpg 1920w, https:\/\/t-short.art\/intro\/wp-content\/uploads\/2025\/12\/Something-That-Is-Missing-1-300x169.jpg 300w, https:\/\/t-short.art\/intro\/wp-content\/uploads\/2025\/12\/Something-That-Is-Missing-1-1024x576.jpg 1024w, https:\/\/t-short.art\/intro\/wp-content\/uploads\/2025\/12\/Something-That-Is-Missing-1-768x432.jpg 768w, https:\/\/t-short.art\/intro\/wp-content\/uploads\/2025\/12\/Something-That-Is-Missing-1-1536x864.jpg 1536w, https:\/\/t-short.art\/intro\/wp-content\/uploads\/2025\/12\/Something-That-Is-Missing-1-1000x563.jpg 1000w\" sizes=\"auto, (max-width: 1920px) 100vw, 1920px\" \/><\/p>\n<p><span style=\"color: #ffffff;\">.<\/span><\/p>\n<h3 style=\"text-align: center;\"><strong>Der Beste Bizarre Film von Studierenden<\/strong><\/h3>\n<h4 style=\"text-align: center;\">Ice Rink \/ Eisbahn<br \/>\n\/\u6e9c\u51b0\u573a\/<br \/>\n(China, 2024)<\/h4>\n<p style=\"text-align: center;\"><strong>Regie:<\/strong> Ziyin Wang<\/p>\n<p><img loading=\"lazy\" decoding=\"async\" class=\"alignnone wp-image-3763 size-full\" src=\"https:\/\/t-short.art\/intro\/wp-content\/uploads\/2025\/12\/Ice-Rink-1.jpg\" alt=\"\" width=\"1440\" height=\"1080\" srcset=\"https:\/\/t-short.art\/intro\/wp-content\/uploads\/2025\/12\/Ice-Rink-1.jpg 1440w, https:\/\/t-short.art\/intro\/wp-content\/uploads\/2025\/12\/Ice-Rink-1-300x225.jpg 300w, https:\/\/t-short.art\/intro\/wp-content\/uploads\/2025\/12\/Ice-Rink-1-1024x768.jpg 1024w, https:\/\/t-short.art\/intro\/wp-content\/uploads\/2025\/12\/Ice-Rink-1-768x576.jpg 768w\" sizes=\"auto, (max-width: 1440px) 100vw, 1440px\" \/><\/p>\n<p><span style=\"color: #ffffff;\">.<\/span><\/p>\n<h3 style=\"text-align: center;\"><strong>Das Beste Musikalische Motiv<\/strong><\/h3>\n<h4 style=\"text-align: center;\">Ascendant Vierge &#8212; TIC TAC<br \/>\n(Belgien, 2024)<\/h4>\n<p style=\"text-align: center;\"><strong>Regie:<\/strong> David Perreard<\/p>\n<p><img loading=\"lazy\" decoding=\"async\" class=\"alignnone wp-image-3517 size-full\" src=\"https:\/\/t-short.art\/intro\/wp-content\/uploads\/2025\/10\/ascendant-vierge-TIC-TAC.jpg\" alt=\"\" width=\"1920\" height=\"1080\" srcset=\"https:\/\/t-short.art\/intro\/wp-content\/uploads\/2025\/10\/ascendant-vierge-TIC-TAC.jpg 1920w, https:\/\/t-short.art\/intro\/wp-content\/uploads\/2025\/10\/ascendant-vierge-TIC-TAC-300x169.jpg 300w, https:\/\/t-short.art\/intro\/wp-content\/uploads\/2025\/10\/ascendant-vierge-TIC-TAC-1024x576.jpg 1024w, https:\/\/t-short.art\/intro\/wp-content\/uploads\/2025\/10\/ascendant-vierge-TIC-TAC-768x432.jpg 768w, https:\/\/t-short.art\/intro\/wp-content\/uploads\/2025\/10\/ascendant-vierge-TIC-TAC-1536x864.jpg 1536w, https:\/\/t-short.art\/intro\/wp-content\/uploads\/2025\/10\/ascendant-vierge-TIC-TAC-1000x563.jpg 1000w\" sizes=\"auto, (max-width: 1920px) 100vw, 1920px\" \/><\/p>\n<p><span style=\"color: #ffffff;\">.<\/span><\/p>\n<h3 style=\"text-align: center;\"><strong>Sonderpreis der Jury<\/strong><\/h3>\n<h4 style=\"text-align: center;\">This is not your Garden \/ Das ist nicht dein Garten<br \/>\n\/Este no es tu jard\u00edn\/<br \/>\n(Kolumbien, 2025)<\/h4>\n<p style=\"text-align: center;\"><strong>Regie:<\/strong> Carlos Velandia, Ang\u00e9lica Restrepo<\/p>\n<p><img loading=\"lazy\" decoding=\"async\" class=\"alignnone wp-image-3582 size-full\" src=\"https:\/\/t-short.art\/intro\/wp-content\/uploads\/2025\/11\/This-is-not-your-Garden.jpg\" alt=\"\" width=\"1920\" height=\"1080\" srcset=\"https:\/\/t-short.art\/intro\/wp-content\/uploads\/2025\/11\/This-is-not-your-Garden.jpg 1920w, https:\/\/t-short.art\/intro\/wp-content\/uploads\/2025\/11\/This-is-not-your-Garden-300x169.jpg 300w, https:\/\/t-short.art\/intro\/wp-content\/uploads\/2025\/11\/This-is-not-your-Garden-1024x576.jpg 1024w, https:\/\/t-short.art\/intro\/wp-content\/uploads\/2025\/11\/This-is-not-your-Garden-768x432.jpg 768w, https:\/\/t-short.art\/intro\/wp-content\/uploads\/2025\/11\/This-is-not-your-Garden-1536x864.jpg 1536w, https:\/\/t-short.art\/intro\/wp-content\/uploads\/2025\/11\/This-is-not-your-Garden-1000x563.jpg 1000w\" sizes=\"auto, (max-width: 1920px) 100vw, 1920px\" \/><\/p>\n<p>&nbsp;<\/p>\n<h3 style=\"text-align: center;\"><strong>Sonderpreis der Jury<\/strong><\/h3>\n<h4 style=\"text-align: center;\">Erotomania<br \/>\n\/\uc5d0\ub85c\ud1a0\ub9c8\ub2c8\uc544\/<br \/>\n(Republik Korea, 2025)<\/h4>\n<p style=\"text-align: center;\"><strong>Regie:<\/strong> Chae-won Song, Kyung-hee Wang<\/p>\n<p><span style=\"color: #ffffff;\"><img loading=\"lazy\" decoding=\"async\" class=\"size-full wp-image-3530 aligncenter\" src=\"https:\/\/t-short.art\/intro\/wp-content\/uploads\/2025\/11\/Erotomania.jpg\" alt=\"\" width=\"1920\" height=\"1080\" srcset=\"https:\/\/t-short.art\/intro\/wp-content\/uploads\/2025\/11\/Erotomania.jpg 1920w, https:\/\/t-short.art\/intro\/wp-content\/uploads\/2025\/11\/Erotomania-300x169.jpg 300w, https:\/\/t-short.art\/intro\/wp-content\/uploads\/2025\/11\/Erotomania-1024x576.jpg 1024w, https:\/\/t-short.art\/intro\/wp-content\/uploads\/2025\/11\/Erotomania-768x432.jpg 768w, https:\/\/t-short.art\/intro\/wp-content\/uploads\/2025\/11\/Erotomania-1536x864.jpg 1536w, https:\/\/t-short.art\/intro\/wp-content\/uploads\/2025\/11\/Erotomania-1000x563.jpg 1000w\" sizes=\"auto, (max-width: 1920px) 100vw, 1920px\" \/><\/span><\/p>\n<p>&nbsp;<\/p>\n<h3 style=\"text-align: center;\"><strong>T-Short Sonderpreis<\/strong><\/h3>\n<h4 style=\"text-align: center;\">Betrayer \/ Verr\u00e4terin<br \/>\n(Japan, 2025)<\/h4>\n<p style=\"text-align: center;\"><strong>Regie:<\/strong> Shengxue Shi<\/p>\n<p><span style=\"color: #ffffff;\"><img loading=\"lazy\" decoding=\"async\" class=\"wp-image-3768 size-full aligncenter\" src=\"https:\/\/t-short.art\/intro\/wp-content\/uploads\/2025\/12\/Betrayer-1.jpg\" alt=\"\" width=\"1920\" height=\"1080\" srcset=\"https:\/\/t-short.art\/intro\/wp-content\/uploads\/2025\/12\/Betrayer-1.jpg 1920w, https:\/\/t-short.art\/intro\/wp-content\/uploads\/2025\/12\/Betrayer-1-300x169.jpg 300w, https:\/\/t-short.art\/intro\/wp-content\/uploads\/2025\/12\/Betrayer-1-1024x576.jpg 1024w, https:\/\/t-short.art\/intro\/wp-content\/uploads\/2025\/12\/Betrayer-1-768x432.jpg 768w, https:\/\/t-short.art\/intro\/wp-content\/uploads\/2025\/12\/Betrayer-1-1536x864.jpg 1536w, https:\/\/t-short.art\/intro\/wp-content\/uploads\/2025\/12\/Betrayer-1-1000x563.jpg 1000w\" sizes=\"auto, (max-width: 1920px) 100vw, 1920px\" \/><\/span><\/p>\n<p><span style=\"color: #ffffff;\">.<\/span><\/p>\n<h3 style=\"text-align: center;\"><strong>DIPLOME<\/strong><\/h3>\n<p><span style=\"color: #ffffff;\">.<\/span><\/p>\n<h4 style=\"text-align: center;\"><em><strong>Diplom von Koji Yamamura<\/strong><\/em><\/h4>\n<p>&nbsp;<\/p>\n<h4 style=\"text-align: center;\">Aglaya<br \/>\n\/\u0410\u0433\u043b\u0430\u044f\/<br \/>\n(Russische F\u00f6deration, 2024)<\/h4>\n<p style=\"text-align: center;\"><strong>Regie:<\/strong> Taisia Kasko<\/p>\n<p style=\"text-align: center;\"><em>Es ist ein fr\u00f6hliches, gl\u00fcckliches und freudiges Werk. Alles an den Ausdrucksformen und <\/em><br \/>\n<em>Bewegungen der Hauptfigur und die Ann\u00e4herung an den russischen Konstruktivismus in der Landschaft sind faszinierend.<\/em><\/p>\n<p><img loading=\"lazy\" decoding=\"async\" class=\"alignnone wp-image-3772 size-full\" src=\"https:\/\/t-short.art\/intro\/wp-content\/uploads\/2025\/12\/Aglaya-1.jpg\" alt=\"\" width=\"1920\" height=\"1080\" srcset=\"https:\/\/t-short.art\/intro\/wp-content\/uploads\/2025\/12\/Aglaya-1.jpg 1920w, https:\/\/t-short.art\/intro\/wp-content\/uploads\/2025\/12\/Aglaya-1-300x169.jpg 300w, https:\/\/t-short.art\/intro\/wp-content\/uploads\/2025\/12\/Aglaya-1-1024x576.jpg 1024w, https:\/\/t-short.art\/intro\/wp-content\/uploads\/2025\/12\/Aglaya-1-768x432.jpg 768w, https:\/\/t-short.art\/intro\/wp-content\/uploads\/2025\/12\/Aglaya-1-1536x864.jpg 1536w, https:\/\/t-short.art\/intro\/wp-content\/uploads\/2025\/12\/Aglaya-1-1000x563.jpg 1000w\" sizes=\"auto, (max-width: 1920px) 100vw, 1920px\" \/><\/p>\n<p><span style=\"color: #ffffff;\">.<\/span><\/p>\n<h4 style=\"text-align: center;\"><strong><em>Diplom von Koji Yamamura<\/em><\/strong><\/h4>\n<p>&nbsp;<\/p>\n<h4 style=\"text-align: center;\">Mother of Dawn \/ Mutter der D\u00e4mmerung<br \/>\n\/M\u00e3e da Manh\u00e3\/<br \/>\n(Brasilien, 2024)<\/h4>\n<p style=\"text-align: center;\"><strong>Regie:<\/strong> Clara Trevisan<\/p>\n<p style=\"text-align: center;\"><em>Ich sch\u00e4tze es sehr, dass die Regisseurin sich mit wichtigen Themen auseinandersetzt und <\/em><br \/>\n<em>von ihren Entscheidungen \u00fcberzeugt ist.<\/em><\/p>\n<p><img loading=\"lazy\" decoding=\"async\" class=\"alignnone wp-image-3774 size-full\" src=\"https:\/\/t-short.art\/intro\/wp-content\/uploads\/2025\/12\/Mother-of-Dawn-1.jpg\" alt=\"\" width=\"1620\" height=\"1080\" srcset=\"https:\/\/t-short.art\/intro\/wp-content\/uploads\/2025\/12\/Mother-of-Dawn-1.jpg 1620w, https:\/\/t-short.art\/intro\/wp-content\/uploads\/2025\/12\/Mother-of-Dawn-1-300x200.jpg 300w, https:\/\/t-short.art\/intro\/wp-content\/uploads\/2025\/12\/Mother-of-Dawn-1-1024x683.jpg 1024w, https:\/\/t-short.art\/intro\/wp-content\/uploads\/2025\/12\/Mother-of-Dawn-1-768x512.jpg 768w, https:\/\/t-short.art\/intro\/wp-content\/uploads\/2025\/12\/Mother-of-Dawn-1-1536x1024.jpg 1536w, https:\/\/t-short.art\/intro\/wp-content\/uploads\/2025\/12\/Mother-of-Dawn-1-600x400.jpg 600w\" sizes=\"auto, (max-width: 1620px) 100vw, 1620px\" \/><\/p>\n<p><span style=\"color: #ffffff;\">.<\/span><\/p>\n<h4 style=\"text-align: center;\"><strong><em>Diplom von Maya Yonesho<\/em><\/strong><\/h4>\n<p>&nbsp;<\/p>\n<h4 style=\"text-align: center;\">The Green Ray \/ Der gr\u00fcne Strahl<br \/>\n\/Le Rayon Vert\/<br \/>\n(Frankreich, 2024)<\/h4>\n<p style=\"text-align: center;\"><strong>Regie:<\/strong> Louis Fourel<\/p>\n<p style=\"text-align: center;\"><em>Zur Feier der Freude an einer Welt der Reinheit und Harmonie, <\/em><br \/>\n<em>hervorgehoben durch scheinbar primitive Ausdrucksformen.<\/em><\/p>\n<p><img loading=\"lazy\" decoding=\"async\" class=\"alignnone wp-image-3521 size-full\" src=\"https:\/\/t-short.art\/intro\/wp-content\/uploads\/2025\/10\/The-Green-Ray.jpg\" alt=\"\" width=\"1440\" height=\"1080\" srcset=\"https:\/\/t-short.art\/intro\/wp-content\/uploads\/2025\/10\/The-Green-Ray.jpg 1440w, https:\/\/t-short.art\/intro\/wp-content\/uploads\/2025\/10\/The-Green-Ray-300x225.jpg 300w, https:\/\/t-short.art\/intro\/wp-content\/uploads\/2025\/10\/The-Green-Ray-1024x768.jpg 1024w, https:\/\/t-short.art\/intro\/wp-content\/uploads\/2025\/10\/The-Green-Ray-768x576.jpg 768w\" sizes=\"auto, (max-width: 1440px) 100vw, 1440px\" \/><\/p>\n<p><span style=\"color: #ffffff;\">.<\/span><\/p>\n<h4 style=\"text-align: center;\"><strong><em>Diplom von Maya Yonesho<\/em><\/strong><\/h4>\n<p>&nbsp;<\/p>\n<h4 style=\"text-align: center;\">Challenges of a solitary mind \/<br \/>\nDie Herausforderungen eines einsamen Geistes<br \/>\n(\u00d6sterreich, 2025)<\/h4>\n<p style=\"text-align: center;\"><strong>Regie:<\/strong> Astrid Rothaug<\/p>\n<p style=\"text-align: center;\"><em>F\u00fcr das freie und spontane, handgezeichnete bewegte Gedicht, <\/em><br \/>\n<em>das die M\u00f6glichkeiten der Einsamkeit und Befreiung in kurzer Zeit kristallisiert.<\/em><\/p>\n<p><img loading=\"lazy\" decoding=\"async\" class=\"alignnone wp-image-3776 size-full\" src=\"https:\/\/t-short.art\/intro\/wp-content\/uploads\/2025\/12\/Challenges-of-a-solitary-mind-1.jpg\" alt=\"\" width=\"1920\" height=\"1080\" srcset=\"https:\/\/t-short.art\/intro\/wp-content\/uploads\/2025\/12\/Challenges-of-a-solitary-mind-1.jpg 1920w, https:\/\/t-short.art\/intro\/wp-content\/uploads\/2025\/12\/Challenges-of-a-solitary-mind-1-300x169.jpg 300w, https:\/\/t-short.art\/intro\/wp-content\/uploads\/2025\/12\/Challenges-of-a-solitary-mind-1-1024x576.jpg 1024w, https:\/\/t-short.art\/intro\/wp-content\/uploads\/2025\/12\/Challenges-of-a-solitary-mind-1-768x432.jpg 768w, https:\/\/t-short.art\/intro\/wp-content\/uploads\/2025\/12\/Challenges-of-a-solitary-mind-1-1536x864.jpg 1536w, https:\/\/t-short.art\/intro\/wp-content\/uploads\/2025\/12\/Challenges-of-a-solitary-mind-1-1000x563.jpg 1000w\" sizes=\"auto, (max-width: 1920px) 100vw, 1920px\" \/><\/p>\n<p><span style=\"color: #ffffff;\">.<\/span><\/p>\n<h4 style=\"text-align: center;\"><em><strong>Diplom von Luis Paris<\/strong><\/em><\/h4>\n<p>&nbsp;<\/p>\n<h4 style=\"text-align: center;\">Socially approved positions of bodies in space \/<br \/>\nGesellschaftlich anerkannte Positionen von K\u00f6rpern im Raum<br \/>\n\/\u0421\u043e\u0446\u0438\u0430\u043b\u044c\u043d\u043e \u043e\u0434\u043e\u0431\u0440\u044f\u0435\u043c\u044b\u0435 \u043f\u043e\u043b\u043e\u0436\u0435\u043d\u0438\u044f \u0442\u0435\u043b \u0432 \u043f\u0440\u043e\u0441\u0442\u0440\u0430\u043d\u0441\u0442\u0432\u0435\/<br \/>\n(Russische F\u00f6deration, 2025)<\/h4>\n<p style=\"text-align: center;\"><strong>Regie:<\/strong> Lera Oleynikova<\/p>\n<p style=\"text-align: center;\"><em>F\u00fcr die Sprache, den visuellen Rhythmus und die abstrakte Erz\u00e4hlung, <\/em><br \/>\n<em>die der Intensit\u00e4t der Musik folgen.<\/em><\/p>\n<p><img loading=\"lazy\" decoding=\"async\" class=\"alignnone wp-image-3538 size-full\" src=\"https:\/\/t-short.art\/intro\/wp-content\/uploads\/2025\/11\/Socially-approved-positions-of-bodies-in-space2.jpg\" alt=\"\" width=\"1440\" height=\"1080\" srcset=\"https:\/\/t-short.art\/intro\/wp-content\/uploads\/2025\/11\/Socially-approved-positions-of-bodies-in-space2.jpg 1440w, https:\/\/t-short.art\/intro\/wp-content\/uploads\/2025\/11\/Socially-approved-positions-of-bodies-in-space2-300x225.jpg 300w, https:\/\/t-short.art\/intro\/wp-content\/uploads\/2025\/11\/Socially-approved-positions-of-bodies-in-space2-1024x768.jpg 1024w, https:\/\/t-short.art\/intro\/wp-content\/uploads\/2025\/11\/Socially-approved-positions-of-bodies-in-space2-768x576.jpg 768w\" sizes=\"auto, (max-width: 1440px) 100vw, 1440px\" \/><\/p>\n<p><span style=\"color: #ffffff;\">.<\/span><\/p>\n<h4 style=\"text-align: center;\"><em><strong>Diplom von Luis Paris<\/strong><\/em><\/h4>\n<p>&nbsp;<\/p>\n<h4 style=\"text-align: center;\">Tides \/ Gezeiten<br \/>\n\/Plimovanje\/<br \/>\n(Slowenien, 2024)<\/h4>\n<p style=\"text-align: center;\"><strong>Regie:<\/strong> \u017diva Divjak<\/p>\n<p style=\"text-align: center;\"><em>F\u00fcr die feine Kombination aus \u00dcberg\u00e4ngen, Animationen, Ton und Erz\u00e4hlung.<\/em><\/p>\n<p><img loading=\"lazy\" decoding=\"async\" class=\"alignnone wp-image-3570 size-full\" src=\"https:\/\/t-short.art\/intro\/wp-content\/uploads\/2025\/11\/Plimovanje.jpg\" alt=\"\" width=\"1920\" height=\"1080\" srcset=\"https:\/\/t-short.art\/intro\/wp-content\/uploads\/2025\/11\/Plimovanje.jpg 1920w, https:\/\/t-short.art\/intro\/wp-content\/uploads\/2025\/11\/Plimovanje-300x169.jpg 300w, https:\/\/t-short.art\/intro\/wp-content\/uploads\/2025\/11\/Plimovanje-1024x576.jpg 1024w, https:\/\/t-short.art\/intro\/wp-content\/uploads\/2025\/11\/Plimovanje-768x432.jpg 768w, https:\/\/t-short.art\/intro\/wp-content\/uploads\/2025\/11\/Plimovanje-1536x864.jpg 1536w, https:\/\/t-short.art\/intro\/wp-content\/uploads\/2025\/11\/Plimovanje-1000x563.jpg 1000w\" sizes=\"auto, (max-width: 1920px) 100vw, 1920px\" \/><\/p>\n<p><span style=\"color: #ffffff;\">.<\/span><\/p>\n<h4 style=\"text-align: center;\"><em><strong>Diplom von Che Marcheti<\/strong><\/em><\/h4>\n<p>&nbsp;<\/p>\n<h4 style=\"text-align: center;\">HAG<br \/>\n(Deutschland, 2025)<\/h4>\n<p style=\"text-align: center;\"><strong>Regie:<\/strong> Isabella Marquart<\/p>\n<p style=\"text-align: center;\"><em>F\u00fcr den kreativen Einsatz von Animation, die Verschmelzung traditioneller und <\/em><br \/>\n<em>digitaler Techniken undf\u00fcr die poetische Kraft einer eigenst\u00e4ndig gestalteten, <\/em><br \/>\n<em>ausdrucksstarken Erz\u00e4hlung.<\/em><\/p>\n<p><img loading=\"lazy\" decoding=\"async\" class=\"alignnone wp-image-3562 size-full\" src=\"https:\/\/t-short.art\/intro\/wp-content\/uploads\/2025\/11\/HAG.jpg\" alt=\"\" width=\"1920\" height=\"1080\" srcset=\"https:\/\/t-short.art\/intro\/wp-content\/uploads\/2025\/11\/HAG.jpg 1920w, https:\/\/t-short.art\/intro\/wp-content\/uploads\/2025\/11\/HAG-300x169.jpg 300w, https:\/\/t-short.art\/intro\/wp-content\/uploads\/2025\/11\/HAG-1024x576.jpg 1024w, https:\/\/t-short.art\/intro\/wp-content\/uploads\/2025\/11\/HAG-768x432.jpg 768w, https:\/\/t-short.art\/intro\/wp-content\/uploads\/2025\/11\/HAG-1536x864.jpg 1536w, https:\/\/t-short.art\/intro\/wp-content\/uploads\/2025\/11\/HAG-1000x563.jpg 1000w\" sizes=\"auto, (max-width: 1920px) 100vw, 1920px\" \/><\/p>\n<p><span style=\"color: #ffffff;\">.<\/span><\/p>\n<h4 style=\"text-align: center;\"><em><strong>Diplom von Che Marcheti<\/strong><\/em><\/h4>\n<p>&nbsp;<\/p>\n<h4 style=\"text-align: center;\">Sphere Supreme<br \/>\n(Belgien, 2024)<\/h4>\n<p style=\"text-align: center;\"><strong>Regie:<\/strong> Hasan Pastaci<\/p>\n<p style=\"text-align: center;\"><em>F\u00fcr eine unterhaltsame und farbenfrohe psychedelische Reise, <\/em><br \/>\n<em>bei der die Formen und das Charakterdesign unglaublich fesselnd sind. <\/em><\/p>\n<p><img loading=\"lazy\" decoding=\"async\" class=\"alignnone wp-image-3781 size-full\" src=\"https:\/\/t-short.art\/intro\/wp-content\/uploads\/2025\/12\/Sphere-Supreme-1.jpg\" alt=\"\" width=\"1920\" height=\"804\" srcset=\"https:\/\/t-short.art\/intro\/wp-content\/uploads\/2025\/12\/Sphere-Supreme-1.jpg 1920w, https:\/\/t-short.art\/intro\/wp-content\/uploads\/2025\/12\/Sphere-Supreme-1-300x126.jpg 300w, https:\/\/t-short.art\/intro\/wp-content\/uploads\/2025\/12\/Sphere-Supreme-1-1024x429.jpg 1024w, https:\/\/t-short.art\/intro\/wp-content\/uploads\/2025\/12\/Sphere-Supreme-1-768x322.jpg 768w, https:\/\/t-short.art\/intro\/wp-content\/uploads\/2025\/12\/Sphere-Supreme-1-1536x643.jpg 1536w\" sizes=\"auto, (max-width: 1920px) 100vw, 1920px\" \/><\/p>\n<p><span style=\"color: #ffffff;\">.<\/span>[\/vc_column_text][vc_empty_space height=&#187;62px&#187;][\/vc_column][vc_column width=&#187;1\/6&#8243;][\/vc_column][\/vc_row]<\/p>\n<\/div>","protected":false},"excerpt":{"rendered":"<p>[vc_row][vc_column width=&#187;1\/6&#8243;][\/vc_column][vc_column width=&#187;2\/3&#8243;][vc_empty_space height=&#187;62px&#187;][vc_column_text] Unser besonderer Dank gilt allen Festivalteilnehmern und Zuschauern. Wir danken unserer wunderbaren Jury f\u00fcr ihre Arbeit und f\u00fcr die schwierige Auswahl der Festivalsieger. Insgesamt wurden f\u00fcr die Filmauswahl mehr als 2000 Bewerbungen eingereicht. Alle Festivalprogramme umfassten 335 animierte Kurzfilme. Das Festival ist vorbei, wir freuen uns, die Ergebnisse des T-Short Festivals [&hellip;]<\/p>\n","protected":false},"author":1,"featured_media":0,"parent":0,"menu_order":0,"comment_status":"closed","ping_status":"closed","template":"page.php","meta":{"footnotes":""},"class_list":["post-3713","page","type-page","status-publish","hentry"],"_links":{"self":[{"href":"https:\/\/t-short.art\/intro\/index.php\/wp-json\/wp\/v2\/pages\/3713","targetHints":{"allow":["GET"]}}],"collection":[{"href":"https:\/\/t-short.art\/intro\/index.php\/wp-json\/wp\/v2\/pages"}],"about":[{"href":"https:\/\/t-short.art\/intro\/index.php\/wp-json\/wp\/v2\/types\/page"}],"author":[{"embeddable":true,"href":"https:\/\/t-short.art\/intro\/index.php\/wp-json\/wp\/v2\/users\/1"}],"replies":[{"embeddable":true,"href":"https:\/\/t-short.art\/intro\/index.php\/wp-json\/wp\/v2\/comments?post=3713"}],"version-history":[{"count":27,"href":"https:\/\/t-short.art\/intro\/index.php\/wp-json\/wp\/v2\/pages\/3713\/revisions"}],"predecessor-version":[{"id":3792,"href":"https:\/\/t-short.art\/intro\/index.php\/wp-json\/wp\/v2\/pages\/3713\/revisions\/3792"}],"wp:attachment":[{"href":"https:\/\/t-short.art\/intro\/index.php\/wp-json\/wp\/v2\/media?parent=3713"}],"curies":[{"name":"wp","href":"https:\/\/api.w.org\/{rel}","templated":true}]}}