{"id":3444,"date":"2025-09-07T14:59:49","date_gmt":"2025-09-07T12:59:49","guid":{"rendered":"https:\/\/t-short.art\/intro\/?page_id=3444"},"modified":"2025-09-07T15:31:07","modified_gmt":"2025-09-07T13:31:07","slug":"jury-2025-2","status":"publish","type":"page","link":"https:\/\/t-short.art\/intro\/index.php\/de\/jury-2025-2\/","title":{"rendered":"Jury 2025"},"content":{"rendered":"<div class=\"wpb-content-wrapper\"><p>[vc_row][vc_column width=&#187;1\/6&#8243;][\/vc_column][vc_column width=&#187;2\/3&#8243;][vc_empty_space height=&#187;62px&#187;][vc_column_text]<\/p>\n<h3 style=\"text-align: center;\">Koji Yamamura (Japan)<\/h3>\n<p><img loading=\"lazy\" decoding=\"async\" class=\"wp-image-3447 size-full aligncenter\" src=\"https:\/\/t-short.art\/intro\/wp-content\/uploads\/2025\/09\/Koji-Yamamura_Studio_Horizontal_2025-1-scaled.jpg\" alt=\"\" width=\"2560\" height=\"1920\" srcset=\"https:\/\/t-short.art\/intro\/wp-content\/uploads\/2025\/09\/Koji-Yamamura_Studio_Horizontal_2025-1-scaled.jpg 2560w, https:\/\/t-short.art\/intro\/wp-content\/uploads\/2025\/09\/Koji-Yamamura_Studio_Horizontal_2025-1-300x225.jpg 300w, https:\/\/t-short.art\/intro\/wp-content\/uploads\/2025\/09\/Koji-Yamamura_Studio_Horizontal_2025-1-1024x768.jpg 1024w, https:\/\/t-short.art\/intro\/wp-content\/uploads\/2025\/09\/Koji-Yamamura_Studio_Horizontal_2025-1-768x576.jpg 768w, https:\/\/t-short.art\/intro\/wp-content\/uploads\/2025\/09\/Koji-Yamamura_Studio_Horizontal_2025-1-1536x1152.jpg 1536w, https:\/\/t-short.art\/intro\/wp-content\/uploads\/2025\/09\/Koji-Yamamura_Studio_Horizontal_2025-1-2048x1536.jpg 2048w\" sizes=\"auto, (max-width: 2560px) 100vw, 2560px\" \/><\/p>\n<p>Koji Yamamura wurde 1964 in Japan geboren. Sein f\u00fcr den Oscar nominierter Kurzfilm \u201eMt. Head\u201c (2002) gewann sechs Hauptpreise in Annecy, Zagreb und Hiroshima und wurde f\u00fcr die Liste \u201e100 Filme f\u00fcr ein Jahrhundert Animation\u201c ausgew\u00e4hlt. \u201eFranz Kafka\u2019s A Country Doctor\u201c (2007) gewann den Hauptpreis in Ottawa und Hiroshima, der Spielfilm \u201eDozens of Norths\u201c (2021) gewann den Hauptpreis in Annecy und Ottawa. Insgesamt haben seine Filme 154 Preise gewonnen. \u201eExtremely Short\u201c (2024) wurde offiziell f\u00fcr die Directors\u2019 Fortnight in Cannes ausgew\u00e4hlt.<\/p>\n<p>Er ist Mitglied der Academy of Motion Picture Arts and Sciences und Professor an der Tokyo University of the Arts.<\/p>\n<p>&nbsp;<\/p>\n<h3 style=\"text-align: center;\">Maya Yonesho (Deutschland)<\/h3>\n<p><img loading=\"lazy\" decoding=\"async\" class=\"wp-image-3448 size-full aligncenter\" src=\"https:\/\/t-short.art\/intro\/wp-content\/uploads\/2025\/09\/mayayonesho_torino-1.jpg\" alt=\"\" width=\"2556\" height=\"1420\" srcset=\"https:\/\/t-short.art\/intro\/wp-content\/uploads\/2025\/09\/mayayonesho_torino-1.jpg 2556w, https:\/\/t-short.art\/intro\/wp-content\/uploads\/2025\/09\/mayayonesho_torino-1-300x167.jpg 300w, https:\/\/t-short.art\/intro\/wp-content\/uploads\/2025\/09\/mayayonesho_torino-1-1024x569.jpg 1024w, https:\/\/t-short.art\/intro\/wp-content\/uploads\/2025\/09\/mayayonesho_torino-1-768x427.jpg 768w, https:\/\/t-short.art\/intro\/wp-content\/uploads\/2025\/09\/mayayonesho_torino-1-1536x853.jpg 1536w, https:\/\/t-short.art\/intro\/wp-content\/uploads\/2025\/09\/mayayonesho_torino-1-2048x1138.jpg 2048w\" sizes=\"auto, (max-width: 2556px) 100vw, 2556px\" \/><\/p>\n<p>Maya Yonesho wurde in Japan geboren und lebt jetzt in Stuttgart, Deutschland. Ihre abstrakten Animationswerke erforschen das wortlose interkulturelle und zwischenmenschliche Verst\u00e4ndnis mithilfe von Landschaft, Klang und Stimme. Seit 2006 hat sie 22 L\u00e4nder auf 3 Kontinenten bereist, Animationsworkshops durchgef\u00fchrt und pers\u00f6nliche Filme gedreht, um ihre Serie \u201eDaumenreise\u201c zu schaffen. Diese Werke zeigen individuelle, ausdrucksstarke Handanimationen an realen Orten, die es den Zuschauern erm\u00f6glichen, pers\u00f6nliche Visionen in kollektiven R\u00e4umen zu sehen. Neben dieser fortlaufenden Arbeit ist Maya als freiberufliche Animatorin t\u00e4tig und h\u00e4lt international Vortr\u00e4ge. Sie glaubt, dass Animationen die Kraft haben, Kultur und Gemeinschaft zu feiern und weltweit Br\u00fccken zu schlagen.<\/p>\n<p>&nbsp;<\/p>\n<h3 style=\"text-align: center;\">Luis Paris (Argentinien)<\/h3>\n<p><img loading=\"lazy\" decoding=\"async\" class=\"wp-image-3449 size-full aligncenter\" src=\"https:\/\/t-short.art\/intro\/wp-content\/uploads\/2025\/09\/Luis-Paris.jpg\" alt=\"\" width=\"900\" height=\"900\" srcset=\"https:\/\/t-short.art\/intro\/wp-content\/uploads\/2025\/09\/Luis-Paris.jpg 900w, https:\/\/t-short.art\/intro\/wp-content\/uploads\/2025\/09\/Luis-Paris-300x300.jpg 300w, https:\/\/t-short.art\/intro\/wp-content\/uploads\/2025\/09\/Luis-Paris-150x150.jpg 150w, https:\/\/t-short.art\/intro\/wp-content\/uploads\/2025\/09\/Luis-Paris-768x768.jpg 768w, https:\/\/t-short.art\/intro\/wp-content\/uploads\/2025\/09\/Luis-Paris-80x80.jpg 80w, https:\/\/t-short.art\/intro\/wp-content\/uploads\/2025\/09\/Luis-Paris-500x500.jpg 500w\" sizes=\"auto, (max-width: 900px) 100vw, 900px\" \/><\/p>\n<p>Luis Paris ist K\u00fcnstler und Digitalanimator, Absolvent der Universit\u00e4t Buenos Aires (UBA) und der Nationalen Universit\u00e4t der K\u00fcnste (UNA) im Fachbereich Bildende Kunst sowie Professor f\u00fcr Multimedia-Kunst (UNA). Seine animierten Kurzfilme \u201eTamgu\u201c, \u201ePasajes\u201c und sein Dokumentarfilm \u201eSrta. Hisas\u201c wurden ausgew\u00e4hlt und auf zahlreichen Veranstaltungen und Festivals gezeigt, darunter das Internationale Animationsfilmfestival Annecy, das Animafest Zagreb 2021, das Seoul International Cartoon &amp; Animation Festival (Korea), T-Short Animated Film Festival (Deutschland), Angelika Short Film Competition (USA), Carton Festival (Argentinien), Cortoons Festival di corti di animazione di Roma (Italien), Salamanca Video Short Film Festival, Badalona (Spanien) und anderen. Als Grafikdesigner und Animator hat er die Identit\u00e4t f\u00fcr Fernsehsender in verschiedenen Studios und unabh\u00e4ngig entwickelt, wobei er an 9 Projekten beteiligt war, die von den Promax BDA Awards ausgezeichnet wurden. Gewinner in der Kategorie \u201eBestes Deb\u00fct\u201d des T-Short 2023 und Mitglied der Jury des T-Short 2024.<\/p>\n<p>&nbsp;<\/p>\n<h3 style=\"text-align: center;\">Che Marcheti (Brasilien)<\/h3>\n<p><img loading=\"lazy\" decoding=\"async\" class=\"wp-image-3450 size-full aligncenter\" src=\"https:\/\/t-short.art\/intro\/wp-content\/uploads\/2025\/09\/Che-Marcheti-1.jpg\" alt=\"\" width=\"799\" height=\"800\" srcset=\"https:\/\/t-short.art\/intro\/wp-content\/uploads\/2025\/09\/Che-Marcheti-1.jpg 799w, https:\/\/t-short.art\/intro\/wp-content\/uploads\/2025\/09\/Che-Marcheti-1-300x300.jpg 300w, https:\/\/t-short.art\/intro\/wp-content\/uploads\/2025\/09\/Che-Marcheti-1-150x150.jpg 150w, https:\/\/t-short.art\/intro\/wp-content\/uploads\/2025\/09\/Che-Marcheti-1-768x769.jpg 768w, https:\/\/t-short.art\/intro\/wp-content\/uploads\/2025\/09\/Che-Marcheti-1-80x80.jpg 80w, https:\/\/t-short.art\/intro\/wp-content\/uploads\/2025\/09\/Che-Marcheti-1-500x500.jpg 500w\" sizes=\"auto, (max-width: 799px) 100vw, 799px\" \/><\/p>\n<p>Che Marcheti ist Geschichtenk\u00fcnstlerin, Animationsfilmemacherin und digitale Nomadin. Sie wurde 1993 in S\u00e3o Paulo, Brasilien, geboren. Che studierte Design an der Universidade Presbiteriana Mackenzie und arbeitete als Geschichtenk\u00fcnstlerin und Animatorin an der Produktion verschiedener Filme mit.<\/p>\n<p>2017 ver\u00f6ffentlichte Che das erste brasilianische Animationskunstbuch \u201eTrajet\u00f3ria\u201c, das auf dem Festival von Annecy (2018), dem Animafest Zagreb (2018) und dem Anima Mundi Festival (2017) vorgestellt wurde.<\/p>\n<p>\u201ePressure\u201c ist ihr erster Film.<\/p>\n<p>Sie ist die Gewinnerin in der Kategorie \u201eBestes Deb\u00fct\u201c des T-Short Festivals 2024.[\/vc_column_text][vc_empty_space height=&#187;62px&#187;][\/vc_column][vc_column width=&#187;1\/6&#8243;][\/vc_column][\/vc_row]<\/p>\n<\/div>","protected":false},"excerpt":{"rendered":"<p>[vc_row][vc_column width=&#187;1\/6&#8243;][\/vc_column][vc_column width=&#187;2\/3&#8243;][vc_empty_space height=&#187;62px&#187;][vc_column_text] Koji Yamamura (Japan) Koji Yamamura wurde 1964 in Japan geboren. Sein f\u00fcr den Oscar nominierter Kurzfilm \u201eMt. Head\u201c (2002) gewann sechs Hauptpreise in Annecy, Zagreb und Hiroshima und wurde f\u00fcr die Liste \u201e100 Filme f\u00fcr ein Jahrhundert Animation\u201c ausgew\u00e4hlt. \u201eFranz Kafka\u2019s A Country Doctor\u201c (2007) gewann den Hauptpreis in Ottawa und [&hellip;]<\/p>\n","protected":false},"author":1,"featured_media":0,"parent":0,"menu_order":0,"comment_status":"closed","ping_status":"closed","template":"page.php","meta":{"footnotes":""},"class_list":["post-3444","page","type-page","status-publish","hentry"],"_links":{"self":[{"href":"https:\/\/t-short.art\/intro\/index.php\/wp-json\/wp\/v2\/pages\/3444","targetHints":{"allow":["GET"]}}],"collection":[{"href":"https:\/\/t-short.art\/intro\/index.php\/wp-json\/wp\/v2\/pages"}],"about":[{"href":"https:\/\/t-short.art\/intro\/index.php\/wp-json\/wp\/v2\/types\/page"}],"author":[{"embeddable":true,"href":"https:\/\/t-short.art\/intro\/index.php\/wp-json\/wp\/v2\/users\/1"}],"replies":[{"embeddable":true,"href":"https:\/\/t-short.art\/intro\/index.php\/wp-json\/wp\/v2\/comments?post=3444"}],"version-history":[{"count":3,"href":"https:\/\/t-short.art\/intro\/index.php\/wp-json\/wp\/v2\/pages\/3444\/revisions"}],"predecessor-version":[{"id":3452,"href":"https:\/\/t-short.art\/intro\/index.php\/wp-json\/wp\/v2\/pages\/3444\/revisions\/3452"}],"wp:attachment":[{"href":"https:\/\/t-short.art\/intro\/index.php\/wp-json\/wp\/v2\/media?parent=3444"}],"curies":[{"name":"wp","href":"https:\/\/api.w.org\/{rel}","templated":true}]}}