{"id":1675,"date":"2023-09-10T13:18:21","date_gmt":"2023-09-10T11:18:21","guid":{"rendered":"https:\/\/t-short.art\/intro\/?page_id=1675"},"modified":"2024-01-05T21:26:33","modified_gmt":"2024-01-05T19:26:33","slug":"selection-results-2022-2","status":"publish","type":"page","link":"https:\/\/t-short.art\/intro\/index.php\/selection-results-2022-2\/","title":{"rendered":"Selection 2022"},"content":{"rendered":"<div class=\"wpb-content-wrapper\"><p>[vc_row][vc_column width=&#187;1\/6&#8243;][\/vc_column][vc_column width=&#187;2\/3&#8243;][vc_empty_space height=&#187;62px&#187;][vc_column_text]<\/p>\n<h4>Dear Friends!<\/h4>\n<p>We announce the selection results for the <strong>T-Short Festival 2022<\/strong>.<\/p>\n<p>Slightly more than <strong>1600<\/strong> animation works were submitted to the selection of the festival.<\/p>\n<p>In all programs of the festival, <strong>296<\/strong> animation creations from <strong>52<\/strong> countries of the world will be shown.<\/p>\n<p><strong>We present you the programs of T-Short\u00a0festival 2022!<\/strong><\/p>\n<p>&nbsp;<\/p>\n<h3><strong>Competitive programs:<\/strong><\/h3>\n<p>&nbsp;<\/p>\n<p>&nbsp;<\/p>\n<h4>STORYLINE FILM COMPETITION<\/h4>\n<p><strong>Cornstalk<\/strong>\u00a0(Russian Federation)\u00a0<strong>Director:<\/strong>\u00a0Anastasiia Zhakulina<\/p>\n<p><strong>The train driver<\/strong>\u00a0(Germany)\u00a0<strong>Director:<\/strong>\u00a0Christian Wittmoser, Zuniel Kim<\/p>\n<p><strong>C&#8217;est la vie<\/strong>\u00a0(Poland)\u00a0<strong>Directors:<\/strong>\u00a0Jacek Olejnik, Rafa\u0142 Sankiewicz, Wojciech<\/p>\n<p>Sankiewicz, Bartosz Terlicki<\/p>\n<p><strong>Wall unit<\/strong>\u00a0(Poland)\u00a0<strong>Director:<\/strong>\u00a0Joanna Polak<\/p>\n<p><strong>Forgotten<\/strong>\u00a0(Canada)\u00a0<strong>Director:<\/strong>\u00a0Mawrgan Shaw<\/p>\n<p><strong>A Bite of Bone<\/strong>\u00a0(Japan)\u00a0<strong>Director:<\/strong>\u00a0Honami Yano<\/p>\n<p><strong>A Most Exquisite man<\/strong>\u00a0(Estonia)\u00a0<strong>Director:<\/strong>\u00a0Jonas Taul<\/p>\n<p><strong>The Power of Love<\/strong>\u00a0(Sweden)\u00a0<strong>Director:<\/strong>\u00a0Thomas Costa Fret\u00e9<\/p>\n<p><strong>O, No!<\/strong>\u00a0(Russian Federation)\u00a0<strong>Director:<\/strong>\u00a0Ivan Maximov<\/p>\n<p><strong>Factory<\/strong>\u00a0(Iran, Islamic Republic of)\u00a0<strong>Director:<\/strong>\u00a0Azar Mansoori<\/p>\n<p><strong>The sound of the Sun<\/strong>\u00a0(Peru)\u00a0<strong>Director:<\/strong>\u00a0Alessio Del Pozo Temoche<\/p>\n<p><strong>The Secret of Mr. Nostoc<\/strong>\u00a0(France)\u00a0<strong>Directors:<\/strong>\u00a0Patrice Seiler, Maxime Marion<\/p>\n<p><strong>Healing Drum<\/strong>\u00a0(Taiwan)\u00a0<strong>Director:<\/strong>\u00a0An-Wu Li<\/p>\n<p><strong>I hide a secret deep inside my soul&#8230;<\/strong>\u00a0(Belarus)\u00a0Director: Elena Petkevich<\/p>\n<p><strong>It Rains<\/strong>\u00a0(Mexico)\u00a0<strong>Director:<\/strong>\u00a0Magali Rocha Donnadieu<\/p>\n<p><strong>Columbas<\/strong>\u00a0(Colombia)\u00a0<strong>Director:<\/strong>\u00a0Natali Padilla<\/p>\n<p><strong>Hand<\/strong>\u00a0(Iran, Islamic Republic of)\u00a0<strong>Director:<\/strong>\u00a0Sedigheh Famil Farnia<\/p>\n<p><strong>No Title<\/strong>\u00a0(Canada)\u00a0<strong>Director:<\/strong>\u00a0Alexandra Myotte<\/p>\n<p><strong>Solitude<\/strong>\u00a0(Brazil)\u00a0<strong>Directors:<\/strong>\u00a0Tami Martins, Aron Miranda<\/p>\n<p><strong>Four Stones<\/strong>\u00a0(Estonia)\u00a0<strong>Director:<\/strong>\u00a0Francesco Rosso<\/p>\n<p><strong>The blind writer<\/strong>\u00a0(France)\u00a0<strong>Director:<\/strong>\u00a0Georges Sifianos<\/p>\n<p><strong>TIO<\/strong>\u00a0(Mexico)\u00a0<strong>Director:<\/strong>\u00a0Juan Medina<\/p>\n<p><strong>Know how to love oneself human<\/strong>\u00a0(France)\u00a0<strong>Director:<\/strong>\u00a0Geraldine G\u00e9e<\/p>\n<p><strong>Biking<\/strong>\u00a0(Colombia)\u00a0<strong>Director:<\/strong>\u00a0Yack Reyes R.<\/p>\n<p><strong>Santiago<\/strong>\u00a0(Bulgaria)\u00a0<strong>Director:<\/strong>\u00a0Andrey Koulev<\/p>\n<p><strong>Flowing Home<\/strong>\u00a0(France)\u00a0<strong>Director:<\/strong>\u00a0Sandra Desmazi\u00e8res<\/p>\n<p><strong>Flour &amp; Mush<\/strong>\u00a0(Hong Kong)\u00a0<strong>Director:<\/strong>\u00a0Emily Wong<\/p>\n<p>&nbsp;<\/p>\n<h4>BIZARRE ANIMATION COMPETITION<\/h4>\n<p><strong>I, Labyrinth<\/strong>\u00a0(Philippines)\u00a0<strong>Director:<\/strong>\u00a0Jag Garcia<\/p>\n<p><strong>Vadim on a walk<\/strong>\u00a0(Russian Federation)\u00a0<strong>Director:<\/strong>\u00a0Sasha Svirsky<\/p>\n<p><strong>Mandala<\/strong>\u00a0(France)\u00a0<strong>Directors:<\/strong>\u00a0Thomas Sady, Maria Chiara D&#8217;Agostino<\/p>\n<p><strong>Le Th\u00e9\u00e2tre de Gravures<\/strong>\u00a0(Greece)\u00a0<strong>Director:<\/strong>\u00a0Christophoros Katsadiotis<\/p>\n<p><strong>Now Listen<\/strong>\u00a0(Poland)\u00a0<strong>Directors:<\/strong>\u00a0Kijek\/Adamski<\/p>\n<p><strong>Regular<\/strong>\u00a0(United States)\u00a0<strong>Director:<\/strong>\u00a0Nata Metlukh<\/p>\n<p><strong>Visit<\/strong>\u00a0(Poland)\u00a0<strong>Director:<\/strong>\u00a0Daniel Zag\u00f3rski<\/p>\n<p><strong>Pervitin Power<\/strong>\u00a0(Germany)\u00a0<strong>Director:<\/strong>\u00a0Maria Korporal<\/p>\n<p><strong>Haunted House<\/strong>\u00a0(Colombia)\u00a0<strong>Director:<\/strong>\u00a0Pablo Gutierrez<\/p>\n<p><strong>Ants devoured my soul<\/strong>\u00a0(France)\u00a0<strong>Director:<\/strong>\u00a0Adrien Vel<\/p>\n<p><strong>Days Like These<\/strong>\u00a0(Canada)\u00a0<strong>Director:<\/strong>\u00a0Mawrgan Shaw<\/p>\n<p><strong>Mirror<\/strong>\u00a0(Belgium)\u00a0<strong>Director:<\/strong>\u00a0Laura Pop<\/p>\n<p><strong>No Future<\/strong>\u00a0(Belgium)\u00a0<strong>Director:<\/strong>\u00a0Ana\u00efse Lafontaine<\/p>\n<p><strong>Fish<\/strong>\u00a0(Iran, Islamic Republic of)\u00a0<strong>Director:<\/strong>\u00a0Parisa Jafari<\/p>\n<p><strong>Whisper, Rustle<\/strong>\u00a0(United States)\u00a0<strong>Director:<\/strong>\u00a0Maureen Zent<\/p>\n<p><strong>Nomino Sukune<\/strong>\u00a0(Japan)\u00a0<strong>Director:<\/strong>\u00a0Ryotaro Miyajima<\/p>\n<p><strong>Promised Land<\/strong>\u00a0(Italy)\u00a0<strong>Director:<\/strong>\u00a0Andrea Pierri<\/p>\n<p><strong>Hope<\/strong>\u00a0(Latvia)\u00a0<strong>Director:<\/strong>\u00a0Zane Oborenko<\/p>\n<p><strong>Iizuna Fair<\/strong>\u00a0(Japan)\u00a0<strong>Director:<\/strong>\u00a0Sumito Sakakibara<\/p>\n<p><strong>A Hunger Artist<\/strong>\u00a0(Brazil)\u00a0<strong>Director:<\/strong>\u00a0Mois\u00e9s Pantolfi<\/p>\n<p><strong>Code<\/strong>\u00a0(Estonia)\u00a0<strong>Director:<\/strong>\u00a0Rao Heidmets<\/p>\n<p><strong>Graveyard Spiral<\/strong>\u00a0(United States)\u00a0<strong>Director:<\/strong>\u00a0Evelyn Lee<\/p>\n<p><strong>Mythological Harvest<\/strong>\u00a0(Brazil)\u00a0<strong>Director:<\/strong>\u00a0Evandro Machado<\/p>\n<p><strong>Clockwise<\/strong>\u00a0(Spain)\u00a0<strong>Director:<\/strong>\u00a0Toni Mitjanit<\/p>\n<p><strong>Love letter to Glasgow<\/strong>\u00a0(United Kingdom)\u00a0<strong>Director:<\/strong>\u00a0Myria Christophini<\/p>\n<p><strong>Alexander Mosolov. Three Pieces<\/strong>\u00a0(Russian Federation)\u00a0<strong>Director:<\/strong>\u00a0Natalia Ryss<\/p>\n<p><strong>Being Sisyphus for one second a day<\/strong>\u00a0(China)\u00a0<strong>Director:<\/strong>\u00a0Peixuan Cheng<\/p>\n<p><strong>In Mazes<\/strong>\u00a0(Colombia)\u00a0<strong>Director:<\/strong>\u00a0Juan Pablo<\/p>\n<p><strong>Bodies and Souls : Inertia<\/strong>\u00a0(France)\u00a0<strong>Director:\u00a0<\/strong>Loqmane Bahri<\/p>\n<p><strong>1Km arround Larrabetzu<\/strong>\u00a0(Spain)\u00a0<strong>Director:\u00a0<\/strong>Bego Vicario<\/p>\n<p>&nbsp;<\/p>\n<h4>DEBUT COMPETITION<\/h4>\n<p><strong>Life\u2019s a Bitch<\/strong>\u00a0(Russian Federation)\u00a0<strong>Director:\u00a0<\/strong>Varya Yakovleva<\/p>\n<p><strong>Waltz of the hours<\/strong>\u00a0(Spain)\u00a0<strong>Director:\u00a0<\/strong>Joseba Garc\u00eda PLazuelo<\/p>\n<p><strong>Cross<\/strong>\u00a0(Russian Federation)\u00a0<strong>Director:\u00a0<\/strong>Ekaterina Kudoyarova<\/p>\n<p><strong>The incredible Mrs Lien Mourlen<\/strong>\u00a0(Greece)\u00a0<strong>Director:\u00a0<\/strong>Eleni Xoupa<\/p>\n<p><strong>Into the sea<\/strong>\u00a0(Russian Federation)\u00a0<strong>Director:\u00a0<\/strong>Andrey Sokolov<\/p>\n<p><strong>Klingert\u2019s Diving Suit<\/strong>\u00a0(Poland)\u00a0<strong>Director:\u00a0<\/strong>Artur Wyrzykowski<\/p>\n<p><strong>Oldboy&#8217;s Apples<\/strong>\u00a0(United States)\u00a0<strong>Director:\u00a0<\/strong>Brad Hock<\/p>\n<p><strong>Aurora &#8212; The street that wanted to be a river<\/strong>\u00a0(Brazil)\u00a0<strong>Director:\u00a0<\/strong>Radhi Meron<\/p>\n<p><strong>Urutau<\/strong>\u00a0(Argentina)\u00a0<strong>Director:\u00a0<\/strong>Juan Ignacio Guiliani<\/p>\n<p><strong>Ned<\/strong>\u00a0(United Kingdom)\u00a0<strong>Director:\u00a0<\/strong>Sharon Sorensen<\/p>\n<p><strong>A Day<\/strong>\u00a0(Bangladesh)\u00a0<strong>Director:\u00a0<\/strong>Titu Debnath<\/p>\n<p><strong>Universo Infinito<\/strong>\u00a0(Israel)\u00a0<strong>Director:\u00a0<\/strong>Emanuel Lew<\/p>\n<p><strong>How My Grandmother Became A Chair<\/strong>\u00a0(Lebanon)\u00a0<strong>Director:\u00a0<\/strong>Nicolas Fattouh<\/p>\n<p><strong>The habit<\/strong>\u00a0(Russian Federation)\u00a0<strong>Directors:\u00a0<\/strong>Alexey Karaev, Alexander Rubtsov<\/p>\n<p><strong>The Pillar Of Strength<\/strong>\u00a0(Malaysia)\u00a0<strong>Director:\u00a0<\/strong>Ayie Ibrahim<\/p>\n<p><strong>Good Night Little Tomato<\/strong>\u00a0(France)\u00a0<strong>Director:\u00a0<\/strong>Nozieres Cyprien<\/p>\n<p><strong>All At Sea<\/strong>\u00a0(Poland)\u00a0<strong>Director:\u00a0<\/strong>Kasia Nalewajka<\/p>\n<p><strong>After the eclipse<\/strong>\u00a0(Argentina)\u00a0<strong>Director:\u00a0<\/strong>Bea R. Blankenhorst<\/p>\n<p>&nbsp;<\/p>\n<h4>STUDENT STORYLINE COMPETITION<\/h4>\n<p><strong>Aquamation<\/strong>\u00a0(Taiwan)\u00a0<strong>Director:\u00a0<\/strong>CHEN, HO-YUEH<\/p>\n<p><strong>Out of the ground<\/strong>\u00a0(Russian Federation)\u00a0<strong>Directors:\u00a0<\/strong>Lyubimtseva Anna, Afonina Maria<\/p>\n<p><strong>Icarus<\/strong>\u00a0(Korea, Republic of)\u00a0<strong>Director:\u00a0<\/strong>Choi Min<\/p>\n<p><strong>Until the pudding was crashed<\/strong>\u00a0(Japan)\u00a0<strong>Director:\u00a0<\/strong>Hiroki Kurasawa<\/p>\n<p><strong>Endless<\/strong>\u00a0(Malaysia)\u00a0<strong>Director:\u00a0<\/strong>Addlyn Adrian<\/p>\n<p><strong>In The Upper Room<\/strong>\u00a0(Austria)\u00a0<strong>Director:\u00a0<\/strong>Alexander Gratzer<\/p>\n<p><strong>Journey of Hope<\/strong>\u00a0(Ireland)\u00a0<strong>Director:\u00a0<\/strong>Mary Khalil<\/p>\n<p><strong>Sinhora<\/strong>\u00a0(India)\u00a0<strong>Director:\u00a0<\/strong>Kasturi<\/p>\n<p><strong>Silvering<\/strong>\u00a0(United Kingdom)\u00a0<strong>Director:\u00a0<\/strong>Eilidh Nicoll<\/p>\n<p><strong>Pore<\/strong>\u00a0(Belgium)\u00a0<strong>Director:\u00a0<\/strong>Cl\u00e9mence Pica Rogge<\/p>\n<p><strong>Everything I touch<\/strong>\u00a0(Switzerland)\u00a0<strong>Director:\u00a0<\/strong>Marion T\u00e4schler<\/p>\n<p><strong>Vampire<\/strong>\u00a0(United Kingdom)\u00a0<strong>Director:\u00a0<\/strong>Zhong Xian<\/p>\n<p><strong>Migrants<\/strong>\u00a0(France)\u00a0<strong>Directors:\u00a0<\/strong>Hugo Caby, Antoine Dupriez, Aubin Kubiak, Lucas Lermytte, Zo\u00e9 Devise<\/p>\n<p><strong>Rene<\/strong>\u00a0(Japan)\u00a0<strong>Director:\u00a0<\/strong>Shione HIRANO<\/p>\n<p><strong>West-east conversation<\/strong>\u00a0(Iran, Islamic Republic of)\u00a0<strong>Director:\u00a0<\/strong>Soheil Seraji<\/p>\n<p><strong>Subway<\/strong>\u00a0(Poland)\u00a0<strong>Director:\u00a0<\/strong>Robert Ku\u017aniewski<\/p>\n<p><strong>The Hole<\/strong>\u00a0(Poland)\u00a0<strong>Director:\u00a0<\/strong>Piotr Ka\u017amierczak<\/p>\n<p><strong>Winter Colours<\/strong>\u00a0(Germany)\u00a0<strong>Director:\u00a0<\/strong>Adrianna Wieczorek<\/p>\n<p><strong>A Tiny Tale<\/strong>\u00a0(France)\u00a0<strong>Directors:\u00a0<\/strong>Sylvain Cuvillier, Chlo\u00e9 Bourdic, Th\u00e9ophile Coursimault, No\u00e9mie Halberstam, Ma\u00fflis Mosny, Zijing Ye<\/p>\n<p><strong>Donna Bella<\/strong>\u00a0(Slovakia)\u00a0<strong>Director:\u00a0<\/strong>Vir\u00e1g Emma Csuport<\/p>\n<p><strong>Behind The Jugular<\/strong>\u00a0(Norway)\u00a0<strong>Director:\u00a0<\/strong>Zoe Armit<\/p>\n<p><strong>Shopping Sunday<\/strong>\u00a0(Poland)\u00a0<strong>Director:\u00a0<\/strong>Ambrozy Danko<\/p>\n<p><strong>Mam&#8217;s Old Chair<\/strong>\u00a0(Ireland)\u00a0<strong>Director:\u00a0<\/strong>Sheena Walsh<\/p>\n<p><strong>Girl and Cloud<\/strong>\u00a0(Uzbekistan)\u00a0<strong>Director:\u00a0<\/strong>Shokir Kholikov<\/p>\n<p><strong>The Fisherman<\/strong>\u00a0(France)\u00a0<strong>Director:\u00a0<\/strong>Francois Balanant<\/p>\n<p><strong>Paper House<\/strong>\u00a0(Poland)\u00a0<strong>Director:\u00a0<\/strong>Martyna Ho\u0142da<\/p>\n<p>&nbsp;<\/p>\n<h4>STUDENT BIZARRE COMPETITION<\/h4>\n<p><strong>The Odd Hour<\/strong>\u00a0(Czech Republic)\u00a0<strong>Director:\u00a0<\/strong>Michaela Duskova<\/p>\n<p><strong>Sphere<\/strong>\u00a0(Poland)\u00a0<strong>Director:\u00a0<\/strong>Nikodem K\u0142o\u015b<\/p>\n<p><strong>Dogs Smell Like the Sea<\/strong>\u00a0(Russian Federation)\u00a0<strong>Director:\u00a0<\/strong>Anastasiya Lisovets<\/p>\n<p><strong>Cache-Cache<\/strong>\u00a0(United States)\u00a0<strong>Director:\u00a0<\/strong>Gwen Lee<\/p>\n<p><strong>The Pattern<\/strong>\u00a0(Hungary)\u00a0<strong>Director:\u00a0<\/strong>P\u00e9ter Bogy\u00f3<\/p>\n<p><strong>Piece of Mind<\/strong>\u00a0(Lebanon)\u00a0<strong>Director:\u00a0<\/strong>Lama Kadri<\/p>\n<p><strong>Fleeting: Here &amp; There<\/strong>\u00a0(Canada)\u00a0<strong>Director:\u00a0<\/strong>Gilnaz Arzpeyma<\/p>\n<p><strong>Animal Locomotion<\/strong>\u00a0(Israel)\u00a0<strong>Directors:<\/strong>\u00a0Asa Rikin, Noga Sirota<\/p>\n<p><strong>Oceania<\/strong>\u00a0(Bulgaria)\u00a0<strong>Director:\u00a0<\/strong>Stefan Adrianov Voyvodov<\/p>\n<p><strong>Encyclopedic experiments<\/strong>\u00a0(France)\u00a0<strong>Director:\u00a0<\/strong>Alexis Morisson<\/p>\n<p><strong>Cufufu<\/strong>\u00a0(Estonia)\u00a0<strong>Director:\u00a0<\/strong>Bruno Quast<\/p>\n<p><strong>The Headless Mule<\/strong>\u00a0(Estonia)\u00a0<strong>Director:\u00a0<\/strong>Tamires Muniz<\/p>\n<p><strong>Mountain Blues<\/strong>\u00a0(United Kingdom)\u00a0<strong>Director:\u00a0<\/strong>Lucie Levrangi<\/p>\n<p><strong>The hands<\/strong>\u00a0(Japan)\u00a0<strong>Director:\u00a0<\/strong>Lyu Yifei<\/p>\n<p><strong>Unstitching<\/strong>\u00a0(Australia)\u00a0<strong>Director:\u00a0<\/strong>Claudia Jane Leonard<\/p>\n<p><strong>Don&#8217;t cry for the moon<\/strong>\u00a0(Taiwan)\u00a0<strong>Director:\u00a0<\/strong>Yu-Jou Yu-Jou<\/p>\n<p><strong>Drawn undrew draw<\/strong>\u00a0(Taiwan)\u00a0<strong>Director:\u00a0<\/strong>Angel Wu<\/p>\n<p><strong>Suspension Prima<\/strong>\u00a0(Latvia)\u00a0<strong>Director:\u00a0<\/strong>Georgs Harijs \u0100va<\/p>\n<p><strong>grEGOrio<\/strong>\u00a0(Spain)\u00a0<strong>Director:\u00a0<\/strong>Oscar Pu\u00e9rtolas<\/p>\n<p><strong>The Moon in Water<\/strong>\u00a0(China)\u00a0<strong>Director:\u00a0<\/strong>Liu Yuhang<\/p>\n<p><strong>The Illusion<\/strong>\u00a0(United Kingdom)\u00a0<strong>Director:\u00a0<\/strong>Tianqi Wu<\/p>\n<p>&nbsp;<\/p>\n<h4>MUSICAL MOTIVES COMPETITION<\/h4>\n<p><strong>I&#8217;ll Be Your Toy<\/strong>\u00a0(Czech Republic)\u00a0<strong>Director:\u00a0<\/strong>Jan Piskac<\/p>\n<p><strong>Plot B<\/strong>\u00a0(Portugal)\u00a0<strong>Director:\u00a0<\/strong>Pedro Serrazina<\/p>\n<p><strong>A Tumba Abierta<\/strong>\u00a0(Spain)\u00a0<strong>Directors:\u00a0<\/strong>Valentin Morato Ribera, Fernando Campillo Bravo, \u00c1lvaro Ortega Ochoa de Ocariz<\/p>\n<p><strong>Paranoia<\/strong>\u00a0(Brazil)\u00a0<strong>Directors:\u00a0<\/strong>Gota.a, Shun Izumi<\/p>\n<p><strong>The Hidden Message<\/strong>\u00a0(Czech Republic)\u00a0<strong>Director:\u00a0<\/strong>Martin Kukal<\/p>\n<p><strong>Amour<\/strong>\u00a0(United States)\u00a0<strong>Director:\u00a0<\/strong>Andres Soler<\/p>\n<p><strong>Cheese<\/strong>\u00a0(Italy)\u00a0<strong>Director:\u00a0<\/strong>Claudio Giusti<\/p>\n<p><strong>Hypno Tidoo<\/strong>\u00a0(Italy)\u00a0<strong>Director:\u00a0<\/strong>Arianna Gheller, Matteo Burani<\/p>\n<p><strong>Without You I&#8217;m Nothing<\/strong>\u00a0(Ukraine)\u00a0<strong>Director:\u00a0<\/strong>Oksana Kurmaz<\/p>\n<p><strong>Pure<\/strong>\u00a0(Poland)\u00a0<strong>Director:\u00a0<\/strong>Olga Jolanta Przytu\u0142a<\/p>\n<p><strong>The Tar Pits<\/strong>\u00a0(Canada)\u00a0<strong>Director:\u00a0<\/strong>Eric Bent<\/p>\n<p><strong>Clockwise<\/strong>\u00a0(Spain)\u00a0<strong>Director:\u00a0<\/strong>Toni Mitjanit<\/p>\n<p><strong>ACID<\/strong>\u00a0(Hungary)\u00a0<strong>Director:<\/strong>\u00a0\u00c1rp\u00e1d Ko\u00f3s<\/p>\n<p><strong>Kolobok. Handmade<\/strong>\u00a0(Russian Federation)\u00a0<strong>Director:\u00a0<\/strong>Ksenia Kandaurova<\/p>\n<p><strong>Stars<\/strong>\u00a0(Portugal)\u00a0<strong>Director:\u00a0<\/strong>Alice E\u00e7a Guimar\u00e3es<\/p>\n<p><strong>Rising in a Spiral<\/strong>\u00a0(Portugal)\u00a0<strong>Directors:\u00a0<\/strong>D\u00e9bora Mendes, Elmano Diogo<\/p>\n<p><strong>The Tree Has Been Planted<\/strong>\u00a0(Argentina)\u00a0<strong>Director:\u00a0<\/strong>Irene Blei<\/p>\n<p><strong>Luna Llena<\/strong>\u00a0(Belgium)\u00a0<strong>Director:\u00a0<\/strong>Isabel Garcia Moya<\/p>\n<p><strong>Czarodzielnica<\/strong>\u00a0(Poland)\u00a0<strong>Director:\u00a0<\/strong>Klaudia Ptasi\u0144ska-Wajda<\/p>\n<p><strong>When it comes from the Earth<\/strong>\u00a0(Hungary)\u00a0<strong>Director:\u00a0<\/strong>Katalin Egely<\/p>\n<p>&nbsp;<\/p>\n<h4>HUMOROUS SHORTS COMPETITION<\/h4>\n<p><strong>Franceska<\/strong>\u00a0(Spain)\u00a0<strong>Director:\u00a0<\/strong>Alberto Cano<\/p>\n<p><strong>The Sausage Run<\/strong>\u00a0(Germany)\u00a0<strong>Director:\u00a0<\/strong>Thomas Stellmach<\/p>\n<p><strong>Rubic&#8217;s cube<\/strong>\u00a0(Czech Republic)\u00a0<strong>Director:\u00a0<\/strong>Ramanava Krystsina<\/p>\n<p><strong>Dinner With Turkey<\/strong>\u00a0(Estonia)\u00a0<strong>Director:\u00a0<\/strong>Hleb Kuftseryn Kuftseryn<\/p>\n<p><strong>6 Paws Under<\/strong>\u00a0(France)\u00a0<strong>Director:\u00a0<\/strong>Nicolas Bianco-Levrin<\/p>\n<p><strong>O, No!<\/strong>\u00a0(Russian Federation)\u00a0<strong>Director:\u00a0<\/strong>Ivan Maximov<\/p>\n<p><strong>Doctor\u00b4s Wife<\/strong>\u00a0(Portugal)\u00a0<strong>Director:\u00a0<\/strong>Bruno Sim\u00f5es<\/p>\n<p><strong>Abab\u00e1<\/strong>\u00a0(Spain)\u00a0<strong>Director:\u00a0<\/strong>Jon Calvo<\/p>\n<p><strong>Paint-Tango<\/strong>\u00a0(Argentina)\u00a0<strong>Director:\u00a0<\/strong>Rodolfo Pastor<\/p>\n<p><strong>Thank You for Your Teeth!<\/strong>\u00a0(Romania)\u00a0<strong>Director:\u00a0<\/strong>Cucut\u0103 &amp; G\u00e4n\u00e6aard<\/p>\n<p><strong>Maruska<\/strong>\u00a0(Russian Federation)\u00a0<strong>Director:\u00a0<\/strong>Ludmila Smolyar<\/p>\n<p><strong>Banquet On The Beagle<\/strong>\u00a0(Canada)\u00a0<strong>Director:\u00a0<\/strong>Joel Van Dyk<\/p>\n<p><strong>Stick It<\/strong>\u00a0(Australia)\u00a0<strong>Directors:\u00a0<\/strong>Dominic Colucci, Tom McGill, Jacinta Kezelos<\/p>\n<p><strong>Thin Ice<\/strong>\u00a0(France)\u00a0<strong>Directors:\u00a0<\/strong>Pauline Epiard, Valentine Ventura, Tiphaine Burguburu, Cl\u00e9mentine Vasseur, Lisa La\u00een\u00e9, \u00c9lodie Laborde<\/p>\n<p><strong>Baking with Love<\/strong>\u00a0(Singapore)\u00a0<strong>Director:\u00a0<\/strong>Reeyan Yeoh<\/p>\n<p><strong>Mafia Mix-Up<\/strong>\u00a0(United Kingdom)\u00a0<strong>Director:\u00a0<\/strong>Jake Lee<\/p>\n<p>&nbsp;<\/p>\n<h4>GRIPPING STORY COMPETITION<\/h4>\n<p><strong>Forrest<\/strong>\u00a0(Taiwan)\u00a0<strong>Director:\u00a0<\/strong>Huang, Wei-Chien<\/p>\n<p><strong>Seen it!<\/strong>\u00a0(India)\u00a0<strong>Director:\u00a0<\/strong>Adithi Krishnadas<\/p>\n<p><strong>Naive Mischief In Oak Paso<\/strong>\u00a0(Spain)\u00a0<strong>Director:\u00a0<\/strong>Manson Films, Marc Torices<\/p>\n<p><strong>Lab No. 66<\/strong>\u00a0(Russian Federation)\u00a0<strong>Director:\u00a0<\/strong>Yulia Rostovskaya<\/p>\n<p><strong>The Knife<\/strong>\u00a0(Slovakia)\u00a0<strong>Director:\u00a0<\/strong>Timotej Lukovi\u010d<\/p>\n<p><strong>Curiosities<\/strong>\u00a0(Israel)\u00a0<strong>Director:\u00a0<\/strong>Alon Avidar<\/p>\n<p><strong>Mattricide<\/strong>\u00a0(United Kingdom)\u00a0<strong>Director:\u00a0<\/strong>Gemma Rigg<\/p>\n<p><strong>Macchina<\/strong>\u00a0(France)\u00a0<strong>Directors:\u00a0<\/strong>Louis Pennequin Caniot, Gauthier Chant\u00e9reau, Manon Berardengo, Chlo\u00e9 Boursier, Matthieu Tiago<\/p>\n<p><strong>Dissonance<\/strong>\u00a0(Russian Federation)\u00a0<strong>Director:\u00a0<\/strong>Denisov Marat<\/p>\n<p><strong>Mathias<\/strong>\u00a0(Slovakia)\u00a0<strong>Director:\u00a0<\/strong>Imrich K\u00fatik<\/p>\n<p><strong>Omi-Ma\u00efko Station<\/strong>\u00a0(France)\u00a0<strong>Director:\u00a0<\/strong>Jean Gegout<\/p>\n<p><strong>Tao Yuan<\/strong>\u00a0(China)\u00a0<strong>Director:\u00a0<\/strong>YangJia Chen<\/p>\n<p><strong>ESC<\/strong>\u00a0(Portugal)\u00a0<strong>Directors:\u00a0<\/strong>Gabriel Silva Mendes, Diego Sousa Freitas, Tiago Miguel Pena, Ivan Emanuel Coutinho<\/p>\n<p><strong>Ma\u00aecello<\/strong>\u00a0(Germany)\u00a0<strong>Director:\u00a0<\/strong>Karo Schluttig<\/p>\n<p><strong>A Mysterious Hat<\/strong>\u00a0(Taiwan)\u00a0<strong>Director:\u00a0<\/strong>Du,Yen-Ting<\/p>\n<p><strong>The hole<\/strong>\u00a0(Taiwan)\u00a0<strong>Director:\u00a0<\/strong>Fang Hsin Kai<\/p>\n<p><strong>Patches<\/strong>\u00a0(Spain)\u00a0<strong>Director:\u00a0<\/strong>David Villarrubia Lorenzo<\/p>\n<p><strong>Justice<\/strong>\u00a0(France)\u00a0<strong>Director:\u00a0<\/strong>Marc Faye<\/p>\n<p><strong>Fishing<\/strong>\u00a0(Germany)\u00a0<strong>Director:\u00a0<\/strong>Andreas D\u00fcrr<\/p>\n<p>&nbsp;<\/p>\n<h3><strong>Festival panorama:<\/strong><\/h3>\n<p>&nbsp;<\/p>\n<h4>STORYLINE FILM PANORAMA<\/h4>\n<h4>BIZARRE ANIMATION PANORAMA<\/h4>\n<h4>MUSICAL MOTIVES PANORAMA<\/h4>\n<h4>HUMOROUS SHORTS PANORAMA<\/h4>\n<p>&nbsp;<\/p>\n<h3><strong>Retrospective by Steven Subotnick:<\/strong><\/h3>\n<p>&nbsp;<\/p>\n<h4>STEVEN SUBOTNICK CREATIONS (USA)<\/h4>\n<p>&nbsp;<\/p>\n<h3><strong>Programs of educational institutions:<\/strong><\/h3>\n<p>&nbsp;<\/p>\n<h4>RUBIKA AND P\u00d4LE 3D SCHOOLS (FRANCE)<\/h4>\n<h4>ESTONIAN ACADEMY OF ARTS (ESTONIA)<\/h4>\n<h4>STUDENT FILMS FROM TAIWAN (TAIWAN)<\/h4>\n<p>[\/vc_column_text][vc_empty_space height=&#187;62px&#187;][\/vc_column][vc_column width=&#187;1\/6&#8243;][\/vc_column][\/vc_row]<\/p>\n<\/div>","protected":false},"excerpt":{"rendered":"<p>[vc_row][vc_column width=&#187;1\/6&#8243;][\/vc_column][vc_column width=&#187;2\/3&#8243;][vc_empty_space height=&#187;62px&#187;][vc_column_text] Dear Friends! We announce the selection results for the T-Short Festival 2022. Slightly more than 1600 animation works were submitted to the selection of the festival. In all programs of the festival, 296 animation creations from 52 countries of the world will be shown. We present you the programs of T-Short\u00a0festival [&hellip;]<\/p>\n","protected":false},"author":1,"featured_media":0,"parent":0,"menu_order":0,"comment_status":"closed","ping_status":"closed","template":"page.php","meta":{"footnotes":""},"class_list":["post-1675","page","type-page","status-publish","hentry"],"_links":{"self":[{"href":"https:\/\/t-short.art\/intro\/index.php\/wp-json\/wp\/v2\/pages\/1675","targetHints":{"allow":["GET"]}}],"collection":[{"href":"https:\/\/t-short.art\/intro\/index.php\/wp-json\/wp\/v2\/pages"}],"about":[{"href":"https:\/\/t-short.art\/intro\/index.php\/wp-json\/wp\/v2\/types\/page"}],"author":[{"embeddable":true,"href":"https:\/\/t-short.art\/intro\/index.php\/wp-json\/wp\/v2\/users\/1"}],"replies":[{"embeddable":true,"href":"https:\/\/t-short.art\/intro\/index.php\/wp-json\/wp\/v2\/comments?post=1675"}],"version-history":[{"count":6,"href":"https:\/\/t-short.art\/intro\/index.php\/wp-json\/wp\/v2\/pages\/1675\/revisions"}],"predecessor-version":[{"id":1895,"href":"https:\/\/t-short.art\/intro\/index.php\/wp-json\/wp\/v2\/pages\/1675\/revisions\/1895"}],"wp:attachment":[{"href":"https:\/\/t-short.art\/intro\/index.php\/wp-json\/wp\/v2\/media?parent=1675"}],"curies":[{"name":"wp","href":"https:\/\/api.w.org\/{rel}","templated":true}]}}