{"id":1511,"date":"2023-08-31T17:53:39","date_gmt":"2023-08-31T15:53:39","guid":{"rendered":"https:\/\/t-short.art\/intro\/?page_id=1511"},"modified":"2023-12-03T21:59:35","modified_gmt":"2023-12-03T19:59:35","slug":"selection-results-2023","status":"publish","type":"page","link":"https:\/\/t-short.art\/intro\/index.php\/de\/selection-results-2023\/","title":{"rendered":"Auswahlergebnisse 2023"},"content":{"rendered":"<div class=\"wpb-content-wrapper\"><p>[vc_row][vc_column width=&#187;1\/6&#8243;][\/vc_column][vc_column width=&#187;2\/3&#8243;][vc_empty_space height=&#187;62px&#187;][vc_column_text el_class=&#187;no-letter-spacing&#187;]<\/p>\n<h4 style=\"text-align: center;\"><strong>Liebe Freunde!<\/strong><\/h4>\n<p style=\"text-align: center;\">F\u00fcr die Auswahl des T-Short Festivals 2023 wurden knapp <strong>1500<\/strong> Filme eingereicht.<\/p>\n<p style=\"text-align: center;\">Alle Festivalprogramme enthielten unserer Meinung nach nur die besten Filme.<\/p>\n<p style=\"text-align: center;\">Nachfolgend finden Sie die Filme und Programme des T-Short Festivals 2023.<\/p>\n<p><span style=\"color: #ffffff;\">.<\/span><\/p>\n<h3 style=\"text-align: center;\"><strong>Wettbewerbsprogramme des Festivals:<\/strong><\/h3>\n<p style=\"text-align: center;\"><span style=\"color: #ffffff;\">.<\/span><\/p>\n<h4 style=\"text-align: center;\"><strong>STORYLINE-FILM-WETTBEWERB<\/strong><\/h4>\n<p><strong>Not my bread<\/strong> (Russische F\u00f6deration) Regie: Andrei Bakhurin<br \/>\n<strong>Guard of Honour<\/strong> (Lettland) Regie: Edmunds Jansons<br \/>\n<strong>Octopus<\/strong> (Portugal) Regie: Catarina Sobral<br \/>\n<strong>Drifter<\/strong> (Belgien) Regie: Joost Jansen<br \/>\n<strong>The Egret River<\/strong> (Taiwan) Regie: Wan-Ling Liu<br \/>\n<strong>New \u300aDivergence\u300b<\/strong> (China) Regie: Lijun Sun, Yongliang Shen<br \/>\n<strong>Home of the heart<\/strong> (Frankreich) Regie: Sarah Saidan<br \/>\n<strong>The Improvement of Human Reason<\/strong> (Iran) Regie: Hossein Moradizadeh<br \/>\n<strong>The Sprayer<\/strong> (Iran) Regie: Farnoosh Abedi<br \/>\n<strong>Woman<\/strong> (Russische F\u00f6deration) Regie: Anastasiya Sokolova<br \/>\n<strong>Three Birds<\/strong> (Bulgarien) Regie: Maria Serafimova Nikolova<br \/>\n<strong>I Lost the Way<\/strong> (Griechenland) Regie: Panagiotis Rappas<br \/>\n<strong>The Picking Piper<\/strong> (Gro\u00dfbritannien) Regie: Marie Nov\u00e1\u010dkov\u00e1, Jim Jack, Max Gell<br \/>\n<strong>Art Nouveau Phantasmagoria<\/strong> (Russische F\u00f6deration) Regie: Oksana Bronetitskaya<br \/>\n<strong>Lovely Rita<\/strong> (Schweiz) Regie: Elena Madrid<br \/>\n<strong>Whale\u2019s song<\/strong> (Frankreich) Regie: Adeline Faye<br \/>\n<strong>The Mango<\/strong> (Frankreich) Regie: Philippe Kastelnik<br \/>\n<strong>The Love we cannot live without<\/strong> (Bulgarien) Regie: Gospodin Nedelchev<br \/>\n<strong>Phonorama<\/strong> (Spanien) Regie: Alex Rey<\/p>\n<p><span style=\"color: #ffffff;\">.<\/span><\/p>\n<h4 style=\"text-align: center;\"><strong>BIZARRE ANIMATIONSWETTBEWERB<\/strong><\/h4>\n<p><strong>Gilgamesh<\/strong> (Iran) Regie: Hossein Moradizadeh<br \/>\n<strong>The river<\/strong> (Belgien) Regie: 23 directors<br \/>\n<strong>Menagerie<\/strong> (Vereinigte Staaten) Regie: Jack Gray<br \/>\n<strong>Traffic control<\/strong> (Brazilien) Regie: Jackson Farias Teixeira<br \/>\n<strong>Green peas<\/strong> (Frankreich) Regie: Florentine Grelier, Francis Gavelle<br \/>\n<strong>Change<\/strong> (Deutschland) Regie: Maria Korporal<br \/>\n<strong>Sliver Cave<\/strong> (China) Regie: Caibei Cai<br \/>\n<strong>Cyanic Waves<\/strong> (Deutschland) Regie: Paul Polze<br \/>\n<strong>The Vulture<\/strong> (Argentinien) Regie: Santiago Colombo Migliorero<br \/>\n<strong>Bear Speculation<\/strong> (Russische F\u00f6deration) Regie: Anna Kadykova<br \/>\n<strong>Visual Constructs<\/strong> (Mexiko) Regie: Abel Garcia Jimenez<br \/>\n<strong>Short Stories about Loneliness<\/strong> (Dominikanische Republik) Regie: Tomas Pichardo<br \/>\n<strong>Pearl Dog<\/strong> (Gro\u00dfbritannien) Regie: Samuel Jon Poyser, Bethan Coolin<br \/>\n<strong>Rosbeef<\/strong> (Frankreich) Regie: Christophe Ballang\u00e9<br \/>\n<strong>Blooming brain<\/strong> (Polen) Regie: Edyta Adamczak<br \/>\n<strong>The Hour Coat<\/strong> (Vereinigte Staaten) Regie: Amy Kravitz<br \/>\n<strong>Dog Apartment<\/strong> (Estland) Regie: Priit Tender<br \/>\n<strong>A Thousand Things<\/strong> (Kanada) Regie: Caroline Caza<\/p>\n<p><span style=\"color: #ffffff;\">.<\/span><\/p>\n<h4 style=\"text-align: center;\"><strong>DEB\u00dcTFILM-WETTBEWERB<\/strong><\/h4>\n<p>Premonition: On the Eve of Signing Treaty 6 (Kanada) Regie: Barry Bilinsky<br \/>\nThe Encounter (Russische F\u00f6deration) Regie: Aleksandra Krivolutskaia<br \/>\nLete (Kolumbien) Regie: Duban Pinzon<br \/>\nTamg\u00f9 (Argentinien) Regie: Isabel Loyer, Luis Paris<br \/>\nLines (Serbien) Regie: Ivan Stojkovic<br \/>\nReflection (Niederlande) Regie: Sanna de Vries<br \/>\nCentipede (Bulgarien) Regie: Vera Plamenova Ivanova<br \/>\nPig (Niederlande) Regie: Jorn Leeuwerink<br \/>\nJampine (Portugal) Regie: Nuno Taborda<br \/>\nNight (Pal\u00e4stina) Regie: Ahmad Saleh<br \/>\nThe day I got my pockets picked (Spanien) Regie: David Navarro Bravo<br \/>\nRobo99 (S\u00fcdkorea) Regie: Sung Cheol Kim<br \/>\nA Dream of Hawaii (Norwegen) Regie: Thomas Smoor Isaksen<br \/>\nFrom the mount &#8212; 7 scary tales (Paraguay) Regie: Pablo Alejandro Meilicke Vera<br \/>\nInhospitable (Kolumbien) Regie: Melissa Bola\u00f1os<br \/>\nMoon Spirits (Italien) Regie: Camillo Sancisi<\/p>\n<p><span style=\"color: #ffffff;\">.<\/span><\/p>\n<h4 style=\"text-align: center;\"><strong>STUDENTEN-STORYLINE-WETTBEWERB<\/strong><\/h4>\n<p>Memories (Frankreich) Regie: Lilian KRYVENAC<br \/>\nSomber (Frankreich) Regie: Alexis Morisson<br \/>\nNot For Me (Russische F\u00f6deration) Regie: Ivan Bondarenko<br \/>\nHalf Empty (Polen) Regie: Katarzyna Or\u0142owska<br \/>\nOfferlamm (Gro\u00dfbritannien) Regie: Tova Persson<br \/>\nit (China) Regie: Fei Xia<br \/>\nPobre Antonio (Spanien) Regie: Mariana Guerreiro Ferreira, Eudald Rojas Llu\u00eds<br \/>\nMustermann (Deutschland) Regie: Veronika V\u00e4th<br \/>\nLeftovers (Gro\u00dfbritannien) Regie: Mansi Maheshwari<br \/>\nDeath at the bus stop (Norwegen) Regie: Maja Kjellstad Aanonsen<br \/>\nLe Pain (Australien) Regie: Alex Vicatos<br \/>\nA Poem by Alba (Vereinigte Staaten) Regie: Yoo Lee<br \/>\nThe Author (Brasilien) Regie: Luiz M\u00e1ximo<br \/>\n2009 January 19th (Gro\u00dfbritannien) Regie: Liucija Vaisiunaite<br \/>\nGood Night (S\u00fcdkorea) Regie: Jung-seo Lee, Seo-bin Lee, Ji-yeon Yoon<br \/>\nMatapacos (Deutschland) Regie: Karla Riebartsch, Lion Durst<br \/>\nThe Seine&#8217;s tears (Frankreich) Regie: Yanis Belaid, Eliott Benard, Nicolas Mayeur, Etienne Moulin, Hadrien Pinot, Lisa Vicente, Philippine Singer, Alice Letailleur<br \/>\nIn Tune (Singapur) Regie: Koh Yun Ying, Dianna<br \/>\nThe Little Elevator Lady (S\u00fcdafrika) Regie: Hugo Meyer<\/p>\n<p><span style=\"color: #ffffff;\">.<\/span><\/p>\n<h4 style=\"text-align: center;\"><strong>STUDENTEN-BIZARRE-WETTBEWERB<\/strong><\/h4>\n<p>Small Hours (Irland) Regie: Marta Sniezek, Christian Spurling<br \/>\nMy Mother the Sea (Estland) Regie: Aspasia Kazeli<br \/>\nBiblick (Gro\u00dfbritannien) Regie: Harry Richards, Bethan Reast<br \/>\nDog, Ball, Park (Israel) Regie: Renana Palmor<br \/>\nRobbos (Hongkong) Regie: LAI Yik Sum<br \/>\nBlack Reflection (S\u00fcdkorea) Regie: Jaehyeon Kim<br \/>\nApnoea (Russische F\u00f6deration) Regie: Aleksandra Kononova<br \/>\nA bone to pick with (Slowenien) Regie: Nika Karner<br \/>\nDry Lives (Estland) Regie: Lukas Winter<br \/>\nFab-rics (Hongkong) Regie: CHAI Jing Hoong<br \/>\nWater Lullaby (Polen) Regie: Piotr Ka\u017amierczak<br \/>\nRoom (Taiwan) Regie: Xie Cha-ping<br \/>\nThe Body (Israel) Regie: Nika Zhukova, Rimma Gefen<br \/>\nUntitleded (Hongkong) Regie: LAM Mau Sum, WONG Ho Yi<br \/>\nBrother (Deutschland) Regie: Marcus Grysczok<br \/>\nHorse (Estland) Regie: Jass Kaselan<br \/>\nAna (Slowakei) Regie: Romana Candr\u00e1kov\u00e1<br \/>\nCanman (Taiwan) Regie: Yu-Ping Chang<br \/>\nStinky in the Dark Forest (Kroatien) Regie: Sun\u010dana Brkulj<br \/>\nThe Basilisk (Frankreich) Regie: Chlo\u00e9 Delestrain, Owen Masson, Lancelot Myja Le Guludec, Morrigane Haudry, Nathan Peyren, Ga\u00ebl Lejeune, Baptiste Belperin<br \/>\nAlian Human (Japan) Regie: Wen Pang<br \/>\nAnabasis (Estland) Regie: Jelizaveta Averko<br \/>\nWind whisperer (Ecuador) Regie: Fernanda Caicedo<\/p>\n<p><span style=\"color: #ffffff;\">.<\/span><\/p>\n<h4 style=\"text-align: center;\"><strong>WETTBEWERB MUSIKALISCHER MOTIVE<\/strong><\/h4>\n<p>Sham Shui Po&#8217;s Night (Hongkong) Regie: Yin Hairong, Zhang Jianing, Deng Yuanyuan<br \/>\nWatercolor (Brasilien) Regie: Elisa Guimar\u00e3es<br \/>\nNubecita (Kolumbien) Regie: Katalin Egely<br \/>\nAnouma (Belgien) Regie: Alexia Creusen<br \/>\nRoyal Blue (Brasilien) Regie: Carlon Hardt<br \/>\nEl Hurac\u00e1n (Spanien) Regie: C\u00e9sar Valladares Pere<br \/>\nMartilandr\u00e1n (Spanien) Regie: Inmaculada Gonz\u00e1lez Paniagua<br \/>\nLullaby (Vereinigte Staaten) Regie: Gabriel Portillo, Emma Barany<br \/>\nYet Again (Italien) Regie: Michelangelo Ciminale<br \/>\nMy Soul Walks With You (Irland) Regie: Paul O Donoghue<br \/>\nI&#8217;ll Be Fine (Vereinigte Staaten) Regie: Ciro Ayala<br \/>\nAlligator Boots (Vereinigte Staaten) Regie: Jesse Nathaniel Hughes<br \/>\nThey Stole the Moon (Gro\u00dfbritannien) Regie: Alistair Kerr<br \/>\nRainbow Machine (Schweiz) Regie: Bianca Caderas<br \/>\nM\u00fasica Para B\u00fahos (Uruguay) Regie: German Cardoso Martinez<br \/>\nGod of Sun (Spanien) Regie: Bertrand Grave<br \/>\ne-soldier (Brasilien) Regie: Agno Dissan, Ramon Faria<br \/>\nLa Otra Jeta &#8212; To get crazy again (Spanien) Regie: Ale Romero<br \/>\nEmpty Train Waltz (Singapur) Regie: Jia Ying Lim, Kris Ong<\/p>\n<p><span style=\"color: #ffffff;\">.<\/span><\/p>\n<h4 style=\"text-align: center;\"><strong>LIEBESGESCHICHTEN-WETTBEWERB<\/strong><\/h4>\n<p>White, Black and True Love (Slowenien) Regie: Anja Paternoster<br \/>\nOne serving per can (Kolumbien) Regie: Miguel Ot\u00e1lora<br \/>\nOneluv (Russische F\u00f6deration) Regie: Varya Yakovleva<br \/>\nEastern romance (Polen) Regie: Anna Tabi Jasinska<br \/>\nThe Kiss (Frankreich) Regie: Ali Zare Ghanatnowi<br \/>\nLost Kisses (Serbien) Regie: Marija Milanovi\u0107 Lazarevski<br \/>\nTelevision Head (Gro\u00dfbritannien) Regie: Alistair Kerr<br \/>\nPathrado (Singapur) Regie: Srinivas Bhakta<br \/>\nJuni and Evy (Gro\u00dfbritannien) Regie: Matilde Senos<br \/>\nShirey Mara (Wei\u00dfrussland) Regie: Nata Korneyeva<br \/>\nNo Time for Love (Frankreich) Regie: Gabriella Coumau<br \/>\nOrpheus Love Addiction (Frankreich) Regie: M\u00e9lenn L&#8217;Al\u00e8s<br \/>\nTo the article of love (Frankreich) Regie: Clara Duvert, Margot Chauchoy, C\u00e9dric Bagein, Laure Maitrehenry, Matt\u00e9o Martinez, Julien Cabezas<br \/>\nLove to death (Taiwan) Regie: Yi-Xiang Lin<\/p>\n<p><span style=\"color: #ffffff;\">.<\/span><\/p>\n<h4 style=\"text-align: center;\"><strong>DOKUMENTARFILM-WETTBEWERB<\/strong><\/h4>\n<p>Holy Holocaust (Israel) Reggie: Osi Wald, Noa Berman-Herzberg<br \/>\nThe Glazier&#8217;s Daughter (Argentinien) Reggie: Luc\u00eda L\u00f3pez<br \/>\nDream That I Had (Vereinigte Staaten) Reggie: Evelyn Lee<br \/>\nNight caved in soul &#8212; Oswaldo Goeldi (Brasilien) Reggie: Jo\u00e3o Marcos Mazzotti<br \/>\nUs (Georgien) Reggie: Mariam Qortua<br \/>\nToo Late (Polen) Reggie: Kinga Syrek<br \/>\nChomon the Incoherent (Spanien) Reggie: Cristina G\u00e1lvez<br \/>\nNosh-up (Portugal) Reggie: Mafalda Salgueiro<br \/>\nShoah, Bernard Ores (Frankreich) Reggie: Baptiste Drapeau<br \/>\nWhen I met Sangre Negra (Vereinigte Staaten) Reggie: Miguel Rueda<br \/>\nTil We Meet Again (Estland) Reggie: \u00dclo Pikkov<br \/>\nWhite bird (Schweiz) Reggie: Mathieu Epiney<br \/>\nLetters to Parkkim\u00e4entie (Finnland) Reggie: Mika Koskinen<br \/>\nThe Wildfire (Frankreich) Reggie: Nicolas Rolland<br \/>\nThe Diary of a Projectionist (Spanien) Reggie: Dani Segu\u00ed<\/p>\n<p><span style=\"color: #ffffff;\">.<\/span><\/p>\n<h3 style=\"text-align: center;\"><span style=\"color: #000000;\"><strong>Festivalpanorama:<br \/>\n<span style=\"color: #ffffff;\">.<\/span><\/strong><\/span><\/h3>\n<h4 style=\"text-align: center;\"><strong>GESCHICHTENFILMPANORAMA<\/strong><\/h4>\n<h4 style=\"text-align: center;\"><strong>BIZARRES ANIMATIONSPANORAMA<\/strong><\/h4>\n<h4 style=\"text-align: center;\"><strong>STUDENT-STORYLINE-FILME PANORAMA<\/strong><\/h4>\n<h4 style=\"text-align: center;\"><strong>BIZARRES ANIMATION PANORAMA des STUDENTEN<\/strong><\/h4>\n<h4 style=\"text-align: center;\"><strong>MUSIKALISCHE MOTIVE PANORAMA<\/strong><\/h4>\n<p><span style=\"color: #ffffff;\">.<\/span><\/p>\n<h3 style=\"text-align: center;\">Spezielle Festivalprogramme<br \/>\n<span style=\"color: #ffffff;\">.<\/span><\/h3>\n<h4 style=\"text-align: center;\"><strong>School-Studio &#171;SHAR&#187; (Russische F\u00f6deration)<\/strong><\/h4>\n<h4 style=\"text-align: center;\"><strong>Estonian Academy of Arts (Estland)<\/strong><\/h4>\n<h4 style=\"text-align: center;\"><strong>SCM &amp; Advisor Max Hattler (Hongkong)<\/strong><\/h4>\n<h4 style=\"text-align: center;\"><strong>University of Nova Gorica School of Arts (Slowenien)<\/strong><\/h4>\n<h4 style=\"text-align: center;\"><strong>Animation School of South Africa (S\u00fcdafrika)<\/strong><\/h4>\n<h4 style=\"text-align: center;\"><strong>Student Films from Taiwan (Taiwan)<\/strong><\/h4>\n<p>&nbsp;<\/p>\n<p>[\/vc_column_text][vc_empty_space height=&#187;62px&#187;][\/vc_column][vc_column width=&#187;1\/6&#8243;][\/vc_column][\/vc_row]<\/p>\n<\/div>","protected":false},"excerpt":{"rendered":"<p>[vc_row][vc_column width=&#187;1\/6&#8243;][\/vc_column][vc_column width=&#187;2\/3&#8243;][vc_empty_space height=&#187;62px&#187;][vc_column_text el_class=&#187;no-letter-spacing&#187;] Liebe Freunde! F\u00fcr die Auswahl des T-Short Festivals 2023 wurden knapp 1500 Filme eingereicht. Alle Festivalprogramme enthielten unserer Meinung nach nur die besten Filme. Nachfolgend finden Sie die Filme und Programme des T-Short Festivals 2023. . Wettbewerbsprogramme des Festivals: . STORYLINE-FILM-WETTBEWERB Not my bread (Russische F\u00f6deration) Regie: Andrei Bakhurin Guard [&hellip;]<\/p>\n","protected":false},"author":1,"featured_media":0,"parent":0,"menu_order":0,"comment_status":"closed","ping_status":"closed","template":"page.php","meta":{"footnotes":""},"class_list":["post-1511","page","type-page","status-publish","hentry"],"_links":{"self":[{"href":"https:\/\/t-short.art\/intro\/index.php\/wp-json\/wp\/v2\/pages\/1511","targetHints":{"allow":["GET"]}}],"collection":[{"href":"https:\/\/t-short.art\/intro\/index.php\/wp-json\/wp\/v2\/pages"}],"about":[{"href":"https:\/\/t-short.art\/intro\/index.php\/wp-json\/wp\/v2\/types\/page"}],"author":[{"embeddable":true,"href":"https:\/\/t-short.art\/intro\/index.php\/wp-json\/wp\/v2\/users\/1"}],"replies":[{"embeddable":true,"href":"https:\/\/t-short.art\/intro\/index.php\/wp-json\/wp\/v2\/comments?post=1511"}],"version-history":[{"count":34,"href":"https:\/\/t-short.art\/intro\/index.php\/wp-json\/wp\/v2\/pages\/1511\/revisions"}],"predecessor-version":[{"id":1877,"href":"https:\/\/t-short.art\/intro\/index.php\/wp-json\/wp\/v2\/pages\/1511\/revisions\/1877"}],"wp:attachment":[{"href":"https:\/\/t-short.art\/intro\/index.php\/wp-json\/wp\/v2\/media?parent=1511"}],"curies":[{"name":"wp","href":"https:\/\/api.w.org\/{rel}","templated":true}]}}