{"id":1490,"date":"2023-08-29T19:44:38","date_gmt":"2023-08-29T17:44:38","guid":{"rendered":"https:\/\/t-short.art\/intro\/?page_id=1490"},"modified":"2024-01-28T20:34:05","modified_gmt":"2024-01-28T18:34:05","slug":"victor-ovchinnikov","status":"publish","type":"page","link":"https:\/\/t-short.art\/intro\/index.php\/de\/victor-ovchinnikov\/","title":{"rendered":"Victor Ovchinnikov"},"content":{"rendered":"<div class=\"wpb-content-wrapper\"><p>[vc_row][vc_column width=&#187;1\/4&#8243;][\/vc_column][vc_column width=&#187;1\/2&#8243;][vc_empty_space height=&#187;62px&#187;][vc_column_text]<img loading=\"lazy\" decoding=\"async\" class=\"aligncenter wp-image-1630 size-full\" src=\"https:\/\/t-short.art\/intro\/wp-content\/uploads\/2023\/09\/\u0418\u0437\u043e\u0431\u0440\u0430\u0436\u0435\u043d\u0438\u0435-WhatsApp-2023-08-20-\u0432-22.15.23-\u043a\u043e\u043f\u0438\u044f.jpg\" alt=\"\" width=\"963\" height=\"1280\" srcset=\"https:\/\/t-short.art\/intro\/wp-content\/uploads\/2023\/09\/\u0418\u0437\u043e\u0431\u0440\u0430\u0436\u0435\u043d\u0438\u0435-WhatsApp-2023-08-20-\u0432-22.15.23-\u043a\u043e\u043f\u0438\u044f.jpg 963w, https:\/\/t-short.art\/intro\/wp-content\/uploads\/2023\/09\/\u0418\u0437\u043e\u0431\u0440\u0430\u0436\u0435\u043d\u0438\u0435-WhatsApp-2023-08-20-\u0432-22.15.23-\u043a\u043e\u043f\u0438\u044f-226x300.jpg 226w, https:\/\/t-short.art\/intro\/wp-content\/uploads\/2023\/09\/\u0418\u0437\u043e\u0431\u0440\u0430\u0436\u0435\u043d\u0438\u0435-WhatsApp-2023-08-20-\u0432-22.15.23-\u043a\u043e\u043f\u0438\u044f-770x1024.jpg 770w, https:\/\/t-short.art\/intro\/wp-content\/uploads\/2023\/09\/\u0418\u0437\u043e\u0431\u0440\u0430\u0436\u0435\u043d\u0438\u0435-WhatsApp-2023-08-20-\u0432-22.15.23-\u043a\u043e\u043f\u0438\u044f-768x1021.jpg 768w\" sizes=\"auto, (max-width: 963px) 100vw, 963px\" \/><\/p>\n<p>Mein Name ist <strong>Victor Ovtschinnikov, <\/strong>ich bin Senior Web Developer mit mehr als 18 Jahren Erfahrung.<\/p>\n<p>Ich habe meine Reise mit der <strong>Webentwicklung seit 2005 begonnen<\/strong>.<\/p>\n<p>Ich habe mit <strong>verschiedenen Unternehmen<\/strong> und mit <strong>verschiedenen Technologien<\/strong> gearbeitet.<\/p>\n<p>Ich arbeite seit <strong>7 Jahren mit dem React-Framework<\/strong>. Neben dem Framework verwende ich <strong>Typescript in der Webentwicklung<\/strong> und folge beim <strong>Codieren Best Practices<\/strong>.<\/p>\n<p><strong>Verantwortung<\/strong> und <strong>Durchsetzbarkeit<\/strong> sind die Eigenschaften, die ich verfolge.<\/p>\n<p>Mein Hauptziel ist es, <strong>qualitativ hochwertige Produkte anzubieten<\/strong>, um Kunden und Benutzer zufrieden zu stellen.<\/p>\n<p>Es macht Freude, <strong>mit Unternehmen zusammenarbeiten, ihnen zu helfen und sie zu beraten.<\/strong><\/p>\n<p><strong><br \/>\nBerufserfahrung<br \/>\n<\/strong><\/p>\n<p><strong><a href=\"http:\/\/aurous.finance\/\" target=\"_blank\" rel=\"noopener\">Aurous.Finance<\/a><\/strong> (seit Februar 2023)<br \/>\nBegann mit der Investmentgesellschaft zusammenzuarbeiten. Hilfe bei Webseiten, Verbesserungen und \u00dcberarbeitungen.<\/p>\n<p><strong><a href=\"https:\/\/d8x.exchange\/\" target=\"_blank\" rel=\"noopener\">D8X<\/a><\/strong> (seit November 2022)<br \/>\nImplementierung der DEX-B\u00f6rse auf Basis von Smart Contracts und Blockchain.<\/p>\n<p><strong><a href=\"https:\/\/allview.ie\/\" target=\"_blank\" rel=\"noopener\">AllView Healthcare<\/a><\/strong> (seit Januar 2022)<br \/>\nBegann als Berater f\u00fcr interne Mitarbeiter mit Hilfe bei der React-Entwicklung.<br \/>\nHabe beim ersten Mal ein paar kleine Aufgaben bekommen und gehe nach Juni 2022 zu gr\u00f6\u00dferen Aufgaben \u00fcber.<br \/>\nHaupts\u00e4chlich Unterst\u00fctzung f\u00fcr Legacy-Code, aber auch Ber\u00fchrungen und Versuche mit neuen Technologien.<\/p>\n<p><strong><a href=\"https:\/\/ui.com\/\" target=\"_blank\" rel=\"noopener\">Ubiquiti Inc.<\/a><\/strong> (Apr. 2019 &#8212; Jun. 2022)<br \/>\nBeginn der Arbeit als Webentwickler f\u00fcr das Projekt, dessen Frontend vollst\u00e4ndig auf React umgestellt wurde.<br \/>\nDanach wurde dieses Projekt in ein anderes gro\u00dfes Projekt mit Backend- und Frontend-Entwicklung verschoben. Es war und ist ein sehr gro\u00dfes und wichtiges Unternehmensprojekt.<\/p>\n<p><strong><a href=\"https:\/\/www.evolution.com\/\" target=\"_blank\" rel=\"noopener\">Evolution<\/a><\/strong> (Jan. 2016 &#8212; Apr. 2019)<br \/>\nSpieleentwicklung mit React\/Redux und Typescript.<br \/>\nIntegration mit verschiedenen Hardwaretypen mit nwjs.<\/p>\n<p><strong><a href=\"https:\/\/neueda.com\/\" target=\"_blank\" rel=\"noopener\">Neueda<\/a><\/strong> (Dez. 2013 &#8212; Dez. 2015)<br \/>\nArbeitete am Test Automation Framework.<br \/>\nArbeitete haupts\u00e4chlich mit Frontend. Wir haben Web-Apps f\u00fcr das Test Automation Framework entwickelt, bei denen die neuesten Technologien f\u00fcr das Web verwendet wurden: HTML5\/CSS3. Diese Apps wurden auf dem unternehmensinternen SDK erstellt, was dazu beitrug, die Dinge schneller zu erledigen und das gleiche Design und die gleichen Standards f\u00fcr verschiedene Apps im gesamten Unternehmen zu verwenden.<\/p>\n<p><strong><a href=\"https:\/\/www.ericsson.com\/\" target=\"_blank\" rel=\"noopener\">Ericsson<\/a><\/strong> (Dez. 2011 &#8212; Nov. 2013)<br \/>\nWebentwicklung mit neuen Funktionen von HTML5 und CSS3.<br \/>\nResponsive Designs, CSS3-Animation statt Javascript, Cross-Browsering&#8230;<\/p>\n<p>Ich habe am UI SDK-Framework gearbeitet, das die Erstellung von Web-Apps vereinfacht. F\u00fcr dieses Framework wurden viele Assets und Widgets erstellt, die in verschiedenen Anwendungen verwendet wurden.<\/p>\n<p>Die Implementierung erfolgte f\u00fcr die wichtigsten Browser: Google Chrome und Mozilla Firefox. Die meisten Funktionen funktionierten aber auch auf IE9 und h\u00f6her.<\/p>\n<p>Widgets wurden mit Jasmine getestet, aber nach einiger Zeit auf Mocha\/Chai umgestellt. Sie wurden mit Unit- und Integrationstests getestet.<\/p>\n<p><strong><a href=\"https:\/\/ctco.lv\/\" target=\"_blank\" rel=\"noopener\">C.T.Co.<\/a><\/strong> (Apr. 2008 &#8212; Okt. 2012)<br \/>\nDies war meine erste Erfahrung mit der Zusammenarbeit mit einem gro\u00dfen Unternehmen. Ich habe an Java-Code gearbeitet, angefangen als Trainee-Java-Entwickler und bin zum leitenden Softwareentwickler herangewachsen.<\/p>\n<p>Ich habe mindestens an 2-3 gro\u00dfen Projekten gearbeitet, die auf Java basierten. Das letzte Projekt war im Ericsson, ich begann mit einer Gesch\u00e4ftsreise und arbeitete als Frontend-Entwickler.[\/vc_column_text][vc_empty_space height=&#187;62px&#187;][\/vc_column][vc_column width=&#187;1\/4&#8243;][\/vc_column][\/vc_row]<\/p>\n<\/div>","protected":false},"excerpt":{"rendered":"<p>[vc_row][vc_column width=&#187;1\/4&#8243;][\/vc_column][vc_column width=&#187;1\/2&#8243;][vc_empty_space height=&#187;62px&#187;][vc_column_text] Mein Name ist Victor Ovtschinnikov, ich bin Senior Web Developer mit mehr als 18 Jahren Erfahrung. Ich habe meine Reise mit der Webentwicklung seit 2005 begonnen. Ich habe mit verschiedenen Unternehmen und mit verschiedenen Technologien gearbeitet. Ich arbeite seit 7 Jahren mit dem React-Framework. Neben dem Framework verwende ich Typescript in [&hellip;]<\/p>\n","protected":false},"author":1,"featured_media":0,"parent":0,"menu_order":0,"comment_status":"closed","ping_status":"closed","template":"page.php","meta":{"footnotes":""},"class_list":["post-1490","page","type-page","status-publish","hentry"],"_links":{"self":[{"href":"https:\/\/t-short.art\/intro\/index.php\/wp-json\/wp\/v2\/pages\/1490","targetHints":{"allow":["GET"]}}],"collection":[{"href":"https:\/\/t-short.art\/intro\/index.php\/wp-json\/wp\/v2\/pages"}],"about":[{"href":"https:\/\/t-short.art\/intro\/index.php\/wp-json\/wp\/v2\/types\/page"}],"author":[{"embeddable":true,"href":"https:\/\/t-short.art\/intro\/index.php\/wp-json\/wp\/v2\/users\/1"}],"replies":[{"embeddable":true,"href":"https:\/\/t-short.art\/intro\/index.php\/wp-json\/wp\/v2\/comments?post=1490"}],"version-history":[{"count":19,"href":"https:\/\/t-short.art\/intro\/index.php\/wp-json\/wp\/v2\/pages\/1490\/revisions"}],"predecessor-version":[{"id":2165,"href":"https:\/\/t-short.art\/intro\/index.php\/wp-json\/wp\/v2\/pages\/1490\/revisions\/2165"}],"wp:attachment":[{"href":"https:\/\/t-short.art\/intro\/index.php\/wp-json\/wp\/v2\/media?parent=1490"}],"curies":[{"name":"wp","href":"https:\/\/api.w.org\/{rel}","templated":true}]}}