{"id":1342,"date":"2023-08-27T12:28:57","date_gmt":"2023-08-27T10:28:57","guid":{"rendered":"https:\/\/t-short.art\/intro\/?page_id=1342"},"modified":"2024-01-10T20:32:10","modified_gmt":"2024-01-10T18:32:10","slug":"selection-results-2022","status":"publish","type":"page","link":"https:\/\/t-short.art\/intro\/index.php\/de\/selection-results-2022\/","title":{"rendered":"Auswahlergebnisse 2022"},"content":{"rendered":"<div class=\"wpb-content-wrapper\"><p>[vc_row][vc_column width=&#187;1\/6&#8243;][\/vc_column][vc_column width=&#187;2\/3&#8243;][vc_empty_space height=&#187;62px&#187;][vc_column_text]<\/p>\n<h4 style=\"text-align: center;\"><strong>Liebe Freunde!<\/strong><\/h4>\n<p style=\"text-align: center;\">Wir geben die <strong>Auswahlergebnisse f\u00fcr das T-Short<\/strong> Festival 2022 bekannt.<\/p>\n<p style=\"text-align: center;\">Zur Auswahl des Festivals wurden etwas mehr als <strong>1600<\/strong> Animationsarbeiten eingereicht.<\/p>\n<p style=\"text-align: center;\">In allen Programmen des Festivals werden <strong>296 Animationskreationen aus 52 L\u00e4ndern<\/strong> der Welt gezeigt.<\/p>\n<p style=\"text-align: center;\"><strong>Wir pr\u00e4sentieren Ihnen die Programme des T-Short Festivals 2022!<\/strong><\/p>\n<p><span style=\"color: #ffffff;\">.<\/span><\/p>\n<h3 style=\"text-align: center;\"><strong>Wettbewerbsprogramme des Festivals:<\/strong><\/h3>\n<p><span style=\"color: #ffffff;\">.<\/span><\/p>\n<h4 style=\"text-align: center;\"><strong>STORYLINE-FILM-WETTBEWERB<\/strong><\/h4>\n<p><strong>Cornstalk<\/strong> (Russische F\u00f6deration)\u00a0Regie:\u00a0Anastasiia Zhakulina<\/p>\n<p><strong>The train driver<\/strong> (Deutschland)\u00a0Regie:\u00a0Christian Wittmoser, Zuniel Kim<\/p>\n<p><strong>C&#8217;est la vie<\/strong> (Polen) Regie: Jacek Olejnik, Rafa\u0142 Sankiewicz, Wojciech Sankiewicz, Bartosz Terlicki<\/p>\n<p><strong>Wall unit<\/strong> (Polen)\u00a0Regie:\u00a0Joanna Polak<\/p>\n<p><strong>Forgotten<\/strong> (Kanada)\u00a0Regie:\u00a0Mawrgan Shaw<\/p>\n<p><strong>A Bite of Bone<\/strong> (Japan)\u00a0Regie:\u00a0Honami Yano<\/p>\n<p><strong>A Most Exquisite man<\/strong> (Estland)\u00a0Regie:\u00a0Jonas Taul<\/p>\n<p><strong>The Power of Love<\/strong> (Schweden)\u00a0Regie:\u00a0Thomas Costa Fret\u00e9<\/p>\n<p><strong>O, No!<\/strong> (Russische F\u00f6deration)\u00a0Regie:\u00a0Ivan Maximov<\/p>\n<p><strong>Factory<\/strong> (Iran, Islamische Republik) Regie: Azar Mansoori<\/p>\n<p><strong>The sound of the Sun<\/strong> (Peru)\u00a0Regie:\u00a0Alessio Del Pozo Temoche<\/p>\n<p><strong>The Secret of Mr. Nostoc<\/strong> (Frankreich) Regie: Patrice Seiler, Maxime Marion<\/p>\n<p><strong>Healing Drum<\/strong> (Taiwan) Regie: An-Wu Li<\/p>\n<p><strong>I hide a secret deep inside my soul&#8230;<\/strong> (Wei\u00dfrussland)\u00a0Regie: Elena Petkevich<\/p>\n<p><strong>It Rains<\/strong> (Mexiko)\u00a0Regie:\u00a0Magali Rocha Donnadieu<\/p>\n<p><strong>Columbas<\/strong> (Kolumbien)\u00a0Regie:\u00a0Natali Padilla<\/p>\n<p><strong>Hand<\/strong> (Iran, Islamische Republik) Regie: Sedigheh Famil Farnia<\/p>\n<p><strong>No Title<\/strong> (Kanada)\u00a0Regie:\u00a0Alexandra Myotte<\/p>\n<p><strong>Solitude<\/strong> (Brasilien) Regie: Tami Martins, Aron Miranda<\/p>\n<p><strong>Four Stones<\/strong> (Estland)\u00a0Regie:\u00a0Francesco Rosso<\/p>\n<p><strong>The blind writer<\/strong> (Frankreich)\u00a0Regie:\u00a0Georges Sifianos<\/p>\n<p><strong>TIO<\/strong> (Mexiko)\u00a0Regie:\u00a0Juan Medina<\/p>\n<p><strong>Know how to love oneself human<\/strong> (Frankreich)\u00a0Regie:\u00a0Geraldine G\u00e9e<\/p>\n<p><strong>Biking<\/strong> (Kolumbien)\u00a0Regie:\u00a0Yack Reyes R.<\/p>\n<p><strong>Santiago<\/strong> (Bulgarien)\u00a0Regie:\u00a0Andrey Koulew<\/p>\n<p><strong>Flowing Home<\/strong> (Frankreich)\u00a0Regie:\u00a0Sandra Desmazi\u00e8res<\/p>\n<p><strong>Flour &amp; Mush<\/strong> (Hongkong)\u00a0Regie:\u00a0Emily Wong<\/p>\n<p><span style=\"color: #ffffff;\">.<\/span><\/p>\n<h4 style=\"text-align: center;\"><strong>BIZARRE-ANIMATION-WETTBEWERB<\/strong><\/h4>\n<p><strong>I, Labyrinth<\/strong> (Philippinen)\u00a0Regie:\u00a0Jag Garcia<\/p>\n<p><strong>Vadim on a walk<\/strong> (Russische F\u00f6deration)\u00a0Regie:\u00a0Sasha Svirsky<\/p>\n<p><strong>Mandala<\/strong> (Frankreich) Regie: Thomas Sady, Maria Chiara D&#8217;Agostino<\/p>\n<p><strong>Le Th\u00e9\u00e2tre de Gravures<\/strong> (Griechenland)\u00a0Regie:\u00a0Christophoros Katsadiotis<\/p>\n<p><strong>Now Listen<\/strong> (Polen)\u00a0Direktoren:\u00a0Kijek\/Adamski<\/p>\n<p><strong>Regular<\/strong> (Vereinigte Staaten)\u00a0Regie:\u00a0Nata Metlukh<\/p>\n<p><strong>Visit<\/strong> (Polen)\u00a0Regie:\u00a0Daniel Zag\u00f3rski<\/p>\n<p><strong>Pervitin Power<\/strong> (Deutschland)\u00a0Regie:\u00a0Maria Korporal<\/p>\n<p><strong>Haunted House<\/strong> (Kolumbien)\u00a0Regie:\u00a0Pablo Gutierrez<\/p>\n<p><strong>Ants devoured my soul<\/strong> (Frankreich)\u00a0Regie:\u00a0Adrien Vel<\/p>\n<p><strong>Days Like These<\/strong> (Kanada)\u00a0Regie:\u00a0Mawrgan Shaw<\/p>\n<p><strong>Mirror<\/strong> (Belgien)\u00a0Regie:\u00a0Laura Pop<\/p>\n<p><strong>No Future<\/strong> (Belgien)\u00a0Regie:\u00a0Ana\u00efse Lafontaine<\/p>\n<p><strong>Fish<\/strong> (Iran, Islamische Republik)\u00a0Direktor:\u00a0Parisa Jafari<\/p>\n<p><strong>Whisper, Rustle<\/strong> (Vereinigte Staaten)\u00a0Regie:\u00a0Maureen Zent<\/p>\n<p><strong>Nomino Sukune<\/strong>\u00a0(Japan)\u00a0Regie:\u00a0Ryotaro Miyajima<\/p>\n<p><strong>Promised Land<\/strong> (Italien)\u00a0Regie:\u00a0Andrea Pierri<\/p>\n<p><strong>Hope<\/strong> (Lettland)\u00a0Regie:\u00a0Zane Oborenko<\/p>\n<p><strong>Lizuna Fair<\/strong>\u00a0(Japan)\u00a0Regie:\u00a0Sumito Sakakibara<\/p>\n<p><strong>A Hunger Artist<\/strong> (Brasilien)\u00a0Regie:\u00a0Mois\u00e9s Pantolfi<\/p>\n<p><strong>Code<\/strong> (Estland)\u00a0Regie:\u00a0Rao Heidmets<\/p>\n<p><strong>Graveyard Spiral<\/strong> (Vereinigte Staaten)\u00a0Regie:\u00a0Evelyn Lee<\/p>\n<p><strong>Mythological Harvest<\/strong> (Brasilien)\u00a0Regie:\u00a0Evandro Machado<\/p>\n<p><strong>Clockwise<\/strong> (Spanien)\u00a0Regie:\u00a0Toni Mitjanit<\/p>\n<p><strong>Love letter to Glasgow<\/strong> (Gro\u00dfbritannien) Regie: Myria Christophini<\/p>\n<p><strong>Alexander Mosolov. Three Pieces<\/strong> (Russische F\u00f6deration)\u00a0Regie:\u00a0Natalia Ryss<\/p>\n<p><strong>Being Sisyphus for one second a day<\/strong>\u00a0(China)\u00a0Regie:\u00a0Peixuan Cheng<\/p>\n<p><strong>In Mazes<\/strong> (Kolumbien)\u00a0Regie:\u00a0Juan Pablo<\/p>\n<p><strong>Bodies and Souls : Inertia<\/strong> (Frankreich)\u00a0Regie:\u00a0Loqmane Bahri<\/p>\n<p><strong>1Km arround Larrabetzu<\/strong> (Spanien)\u00a0Regie:\u00a0Bego Vicario<\/p>\n<p><span style=\"color: #ffffff;\">.<\/span><\/p>\n<h4 style=\"text-align: center;\"><strong>DEB\u00dcTFILM-WETTBEWERB<\/strong><\/h4>\n<p><strong>Life\u2019s a Bitch<\/strong> (Russische F\u00f6deration)\u00a0Regie:\u00a0Varya Yakovleva<\/p>\n<p><strong>Waltz of the hours<\/strong> (Spanien)\u00a0Regie:\u00a0Joseba Garc\u00eda PLazuelo<\/p>\n<p><strong>Cross<\/strong> (Russische F\u00f6deration)\u00a0Regie:\u00a0Ekaterina Kudoyarova<\/p>\n<p><strong>The incredible Mrs Lien Mourlen<\/strong> (Griechenland)\u00a0Regie:\u00a0Eleni Xoupa<\/p>\n<p><strong>Into the sea<\/strong> (Russische F\u00f6deration)\u00a0Regie:\u00a0Andrey Sokolov<\/p>\n<p><strong>Klingert\u2019s Diving Suit<\/strong> (Polen)\u00a0Regie:\u00a0Artur Wyrzykowski<\/p>\n<p><strong>Oldboy&#8217;s Apples<\/strong> (Vereinigte Staaten)\u00a0Regie:\u00a0Brad Hock<\/p>\n<p><strong>Aurora &#8212; The street that wanted to be a river<\/strong> (Brasilien)\u00a0Regie:\u00a0Radhi Meron<\/p>\n<p><strong>Urutau<\/strong> (Argentinien)\u00a0Regie:\u00a0Juan Ignacio Guiliani<\/p>\n<p><strong>Ned<\/strong> (Gro\u00dfbritannien)\u00a0Regie:\u00a0Sharon Sorensen<\/p>\n<p><strong>A Day<\/strong> (Bangladesch)\u00a0Regie:\u00a0Titu Debnath<\/p>\n<p><strong>Universo Infinito<\/strong> (Israel)\u00a0Regie:\u00a0Emanuel Lew<\/p>\n<p><strong>How My Grandmother Became A Chair<\/strong> (Libanon)\u00a0Regie:\u00a0Nicolas Fattouh<\/p>\n<p><strong>The habit<\/strong> (Russische F\u00f6deration) Regie: Alexey Karaev, Alexander Rubtsov<\/p>\n<p><strong>The Pillar Of Strength<\/strong> (Malaysia)\u00a0Regie:\u00a0Ayie Ibrahim<\/p>\n<p><strong>Good Night Little Tomato<\/strong> (Frankreich)\u00a0Regie:\u00a0Nozieres Cyprien<\/p>\n<p><strong>All At Sea<\/strong> (Polen)\u00a0Regie:\u00a0Kasia Nalewajka<\/p>\n<p><strong>After the eclipse<\/strong> (Argentinien)\u00a0Regie:\u00a0Bea R. Blankenhorst<\/p>\n<p><span style=\"color: #ffffff;\">.<\/span><\/p>\n<h4 style=\"text-align: center;\"><strong>STUDENTEN-STORYLINE-WETTBEWERB<\/strong><\/h4>\n<p><strong>Aquamation<\/strong>\u00a0(Taiwan)\u00a0Regie: CHEN, HO-YUEH<\/p>\n<p><strong>Out of the ground<\/strong> (Russische F\u00f6deration) Regie: Lyubimtseva Anna, Afonina Maria<\/p>\n<p><strong>Icarus<\/strong> (Korea, Republik) Regie:<strong>\u00a0<\/strong>Choi Min<\/p>\n<p><strong>Until the pudding was crashed<\/strong>\u00a0(Japan)\u00a0Regie: Hiroki Kurasawa<\/p>\n<p><strong>Endless<\/strong> (Malaysia) Regie:<strong>\u00a0<\/strong>Addlyn Adrian<\/p>\n<p><strong>In The Upper Room<\/strong> (\u00d6sterreich)\u00a0Regie:\u00a0Alexander Gratzer<\/p>\n<p><strong>Journey of Hope<\/strong> (Irland)\u00a0Regie:\u00a0Mary Khalil<\/p>\n<p><strong>Sinhora<\/strong> (Indien)\u00a0Regie:\u00a0Kasturi<\/p>\n<p><strong>Silvering<\/strong> (Gro\u00dfbritannien) Regie: Eilidh Nicoll<\/p>\n<p><strong>Pore<\/strong> (Belgien)\u00a0Regie:\u00a0Cl\u00e9mence Pica Rogge<\/p>\n<p><strong>Everything I touch<\/strong> (Schweiz)\u00a0Regie:\u00a0Marion T\u00e4schler<\/p>\n<p><strong>Vampire<\/strong> (Gro\u00dfbritannien) Regie: Zhong Xian<\/p>\n<p><strong>Migrants<\/strong> (Frankreich) Regie: Hugo Caby, Antoine Dupriez, Aubin Kubiak, Lucas Lermytte, Zo\u00e9 Devise<\/p>\n<p><strong>Rene<\/strong>\u00a0(Japan)\u00a0Regie: Shione HIRANO<\/p>\n<p><strong>West-east conversation<\/strong> (Iran, Islamische Republik) Regie: Soheil Seraji<\/p>\n<p><strong>Subway<\/strong> (Polen)\u00a0Regie:\u00a0Robert Ku\u017aniewski<\/p>\n<p><strong>The Hole<\/strong> (Polen)\u00a0Regie:\u00a0Piotr Ka\u017amierczak<\/p>\n<p><strong>Winter Colours<\/strong> (Deutschland)\u00a0Regie:\u00a0Adrianna Wieczorek<\/p>\n<p><strong>A Tiny Tale<\/strong> (Frankreich) Regie: Sylvain Cuvillier, Chlo\u00e9 Bourdic, Th\u00e9ophile Coursimault, No\u00e9mie Halberstam, Ma\u00fflis Mosny, Zijing Ye<\/p>\n<p><strong>Donna Bella<\/strong> (Slowakei)\u00a0Regie:\u00a0Vir\u00e1g Emma Csuport<\/p>\n<p><strong>Behind The Jugular<\/strong> (Norwegen)\u00a0Regie:\u00a0Zoe Armit<\/p>\n<p><strong>Shopping Sunday<\/strong> (Polen)\u00a0Regie:\u00a0Ambrozy Danko<\/p>\n<p><strong>Mam&#8217;s Old Chair<\/strong> (Irland)\u00a0Regie:\u00a0Sheena Walsh<\/p>\n<p><strong>Girl and Cloud<\/strong> (Usbekistan)\u00a0Regie:\u00a0Shokir Kholikov<\/p>\n<p><strong>The Fisherman<\/strong> (Frankreich)\u00a0Regie:\u00a0Francois Balanant<\/p>\n<p><strong>Paper House<\/strong> (Polen)\u00a0Regie:\u00a0Martyna Ho\u0142da<\/p>\n<p><span style=\"color: #ffffff;\">.<\/span><\/p>\n<h4 style=\"text-align: center;\"><strong>STUDENTEN-BIZARRE-WETTBEWERB<\/strong><\/h4>\n<p><strong>The Odd Hour<\/strong> (Tschechische Republik)\u00a0Regie:\u00a0Michaela Duskova<\/p>\n<p><strong>Sphere<\/strong> (Polen)\u00a0Regie:\u00a0Nikodem K\u0142o\u015b<\/p>\n<p><strong>Dogs Smell Like the Sea<\/strong> (Russische F\u00f6deration)\u00a0Regie:\u00a0Anastasiya Lisovets<\/p>\n<p><strong>Cache-Cache<\/strong> (Vereinigte Staaten)\u00a0Regie:\u00a0Gwen Lee<\/p>\n<p><strong>The Pattern<\/strong> (Ungarn)\u00a0Regie:\u00a0P\u00e9ter Bogy\u00f3<\/p>\n<p><strong>Piece of Mind<\/strong> (Libanon)\u00a0Regie:\u00a0Lama Kadri<\/p>\n<p><strong>Fleeting: Here &amp; There<\/strong> (Kanada)\u00a0Regie:\u00a0Gilnaz Arzpeyma<\/p>\n<p><strong>Animal Locomotion<\/strong> (Israel) Regie: Asa Rikin, Noga Sirota<\/p>\n<p><strong>Oceania<\/strong> (Bulgarien)\u00a0Regie:\u00a0Stefan Adrianov Voyvodov<\/p>\n<p><strong>Encyclopedic experiments<\/strong> (Frankreich)\u00a0Regie:\u00a0Alexis Morisson<\/p>\n<p><strong>Cufufu<\/strong> (Estland)\u00a0Regie:\u00a0Bruno Quast<\/p>\n<p><strong>The Headless Mule<\/strong> (Estland) Regie: Tamires Muniz<\/p>\n<p><strong>Mountain Blues<\/strong> (Gro\u00dfbritannien) Regie:<strong>\u00a0<\/strong>Lucie Levrangi<\/p>\n<p><strong>The hands<\/strong> (Japan) Regie:<strong>\u00a0<\/strong>Lyu Yifei<\/p>\n<p><strong>Unstitching<\/strong> (Australien)\u00a0Regie:\u00a0Claudia Jane Leonard<\/p>\n<p><strong>Don&#8217;t cry for the moon<\/strong> (Taiwan) Regie:<strong>\u00a0<\/strong>Yu-Jou Yu-Jou<\/p>\n<p><strong>Drawn undrew draw<\/strong> (Taiwan) Regie:<strong>\u00a0<\/strong>Angel Wu<\/p>\n<p><strong>Suspension Prima<\/strong> (Lettland)\u00a0Regie:\u00a0Georgs Harijs \u0100va<\/p>\n<p><strong>grEGOrio<\/strong> (Spanien)\u00a0Regie:\u00a0Oscar Pu\u00e9rtolas<\/p>\n<p><strong>The Moon in Water<\/strong> (China) Regie:<strong>\u00a0<\/strong>Liu Yuhang<\/p>\n<p><strong>The Illusion<\/strong> (Gro\u00dfbritannien) Regie:<strong>\u00a0<\/strong>Tianqi Wu<\/p>\n<p><span style=\"color: #ffffff;\">.<\/span><\/p>\n<h4 style=\"text-align: center;\"><strong>MUSIKALISCHER-MOTIVE-<\/strong><strong>WETTBEWERB<\/strong><\/h4>\n<p><strong>I&#8217;ll Be Your Toy<\/strong> (Tschechische Republik)\u00a0Regie:\u00a0Jan Piskac<\/p>\n<p><strong>Plot B<\/strong> (Portugal)\u00a0Regie:\u00a0Pedro Serrazina<\/p>\n<p><strong>A Tumba Abierta<\/strong> (Spanien) Regie:Valentin Morato Ribera, Fernando Campillo Bravo, \u00c1lvaro Ortega Ochoa de Ocariz<\/p>\n<p><strong>Paranoia<\/strong> (Brasilien) Regie:<strong>\u00a0<\/strong>Gota.a, Shun Izumi<\/p>\n<p><strong>The Hidden Message<\/strong> (Tschechische Republik)\u00a0Regie:\u00a0Martin Kukal<\/p>\n<p><strong>Amour<\/strong> (Vereinigte Staaten)\u00a0Regie:\u00a0Andres Soler<\/p>\n<p><strong>Cheese<\/strong> (Italien)\u00a0Regie:\u00a0Claudio Giusti<\/p>\n<p><strong>Hypno Tidoo<\/strong> (Italien)\u00a0Regie:\u00a0Arianna Gheller, Matteo Burani<\/p>\n<p><strong>Without You I&#8217;m Nothing<\/strong> (Ukraine)\u00a0Regie:\u00a0Oksana Kurmaz<\/p>\n<p><strong>Pure<\/strong> (Polen)\u00a0Regie:\u00a0Olga Jolanta Przytu\u0142a<\/p>\n<p><strong>The Tar Pits<\/strong> (Kanada)\u00a0Regie:\u00a0Eric Bent<\/p>\n<p><strong>Clockwise<\/strong> (Spanien)\u00a0Regie:\u00a0Toni Mitjanit<\/p>\n<p><strong>ACID<\/strong> (Ungarn)\u00a0Regie:\u00a0\u00c1rp\u00e1d Ko\u00f3s<\/p>\n<p><strong>Kolobok. Handmade<\/strong> (Russische F\u00f6deration)\u00a0Regie:\u00a0Ksenia Kandaurova<\/p>\n<p><strong>Stars<\/strong> (Portugal)\u00a0Regie:\u00a0Alice E\u00e7a Guimar\u00e3es<\/p>\n<p><strong>Rising in a Spiral<\/strong> (Portugal) Regie: D\u00e9bora Mendes, Elmano Diogo<\/p>\n<p><strong>The Tree Has Been Planted<\/strong> (Argentinien)\u00a0Regie:\u00a0Irene Blei<\/p>\n<p><strong>Luna Llena<\/strong> (Belgien)\u00a0Regie:\u00a0Isabel Garcia Moya<\/p>\n<p><strong>Czarodzielnica<\/strong> (Polen)\u00a0Regie:\u00a0Klaudia Ptasi\u0144ska-Wajda<\/p>\n<p><strong>When it comes from the Earth<\/strong> (Ungarn)\u00a0Regie:\u00a0Katalin Egely<\/p>\n<p><span style=\"color: #ffffff;\">.<\/span><\/p>\n<h4 style=\"text-align: center;\"><strong>HUMORISCHER-KURZFILM-WETTBEWERB<\/strong><\/h4>\n<p><strong>Franceska<\/strong> (Spanien)\u00a0Regie:\u00a0Alberto Cano<\/p>\n<p><strong>The Sausage Run<\/strong> (Deutschland)\u00a0Regie:\u00a0Thomas Stellmach<\/p>\n<p><strong>Rubic&#8217;s cube<\/strong> (Tschechische Republik)\u00a0Regie:\u00a0Ramanava Krystsina<\/p>\n<p><strong>Dinner With Turkey<\/strong> (Estland)\u00a0Regie:\u00a0Hleb Kuftseryn Kuftseryn<\/p>\n<p><strong>6 Paws Under<\/strong> (Frankreich)\u00a0Regie:\u00a0Nicolas Bianco-Levrin<\/p>\n<p><strong>O, No!<\/strong> (Russische F\u00f6deration)\u00a0Regie:\u00a0Ivan Maximov<\/p>\n<p><strong>Doctor\u00b4s Wife<\/strong> (Portugal)\u00a0Regie:\u00a0Bruno Sim\u00f5es<\/p>\n<p><strong>Abab\u00e1<\/strong> (Spanien)\u00a0Regie:\u00a0Jon Calvo<\/p>\n<p><strong>Paint-Tango<\/strong> (Argentinien)\u00a0Regie:\u00a0Rodolfo Pastor<\/p>\n<p><strong>Thank You for Your Teeth!<\/strong> (Rum\u00e4nien)\u00a0Regie:\u00a0Cucut\u0103 &amp; G\u00e4n\u00e6aard<\/p>\n<p><strong>Maruska<\/strong> (Russische F\u00f6deration)\u00a0Regie:\u00a0Ludmila Smolyar<\/p>\n<p><strong>Banquet On The Beagle<\/strong> (Kanada)\u00a0Regie:\u00a0Joel Van Dyk<\/p>\n<p><strong>Stick It<\/strong> (Australien) Regie:<strong>\u00a0<\/strong>Dominic Colucci, Tom McGill, Jacinta Kezelos<\/p>\n<p><strong>Thin Ice<\/strong> (Frankreich) Regie:<strong>\u00a0<\/strong>Pauline Epiard, Valentine Ventura, Tiphaine Burguburu, Cl\u00e9mentine Vasseur, Lisa La\u00een\u00e9, \u00c9lodie Laborde<\/p>\n<p><strong>Baking with Love<\/strong> (Singapur)\u00a0Regie:\u00a0Reeyan Yeoh<\/p>\n<p><strong>Mafia Mix-Up<\/strong> (Gro\u00dfbritannien) Regie:<strong>\u00a0<\/strong>Jake Lee<\/p>\n<p><span style=\"color: #ffffff;\">.<\/span><\/p>\n<h4 style=\"text-align: center;\"><strong>AUFREGENDER-GESCHICHTEN-WETTBEWERB<\/strong><\/h4>\n<p><strong>Forrest<\/strong>\u00a0(Taiwan)\u00a0Regie: Huang, Wei-Chien<\/p>\n<p><strong>Seen it!<\/strong> (Indien)\u00a0Regie:\u00a0Adithi Krishnadas<\/p>\n<p><strong>Naive Mischief In Oak Paso<\/strong> (Spanien) Regie: Manson Films, Marc Torices<\/p>\n<p><strong>Lab No. 66<\/strong> (Russische F\u00f6deration)\u00a0Regie:\u00a0Yulia Rostovskaya<\/p>\n<p><strong>The Knife<\/strong> (Slowakei)\u00a0Regie:\u00a0Timotej Lukovi\u010d<\/p>\n<p><strong>Curiosities<\/strong> (Israel)\u00a0Regie:\u00a0Alon Avidar<\/p>\n<p><strong>Mattricide<\/strong> (Gro\u00dfbritannien) Regie:<strong>\u00a0<\/strong>Gemma Rigg<\/p>\n<p><strong>Macchina<\/strong> (Frankreich) Regie: Louis Pennequin Caniot, Gauthier Chant\u00e9reau, Manon Berardengo, Chlo\u00e9 Boursier, Matthieu Tiago<\/p>\n<p><strong>Dissonance<\/strong> (Russische F\u00f6deration)\u00a0Regie:\u00a0Denisov Marat<\/p>\n<p><strong>Mathias<\/strong> (Slowakei)\u00a0Regie:\u00a0Imrich K\u00fatik<\/p>\n<p><strong>Omi-Ma\u00efko Station<\/strong> (Frankreich)\u00a0Regie:\u00a0Jean Gegout<\/p>\n<p><strong>Tao Yuan<\/strong> (China) Regie:<strong>\u00a0<\/strong>YangJia Chen<\/p>\n<p><strong>ESC<\/strong> (Portugal) Regie:<strong>\u00a0<\/strong>Gabriel Silva Mendes, Diego Sousa Freitas, Tiago Miguel Pena, Ivan Emanuel Coutinho<\/p>\n<p><strong>Ma\u00aecello<\/strong> (Deutschland)\u00a0Regie:\u00a0Karo Schluttig<\/p>\n<p><strong>A Mysterious Hat<\/strong> (Taiwan) Regie:<strong>\u00a0<\/strong>Du,Yen-Ting<\/p>\n<p><strong>The hole<\/strong> (Taiwan) Regie:<strong>\u00a0<\/strong>Fang Hsin Kai<\/p>\n<p><strong>Patches<\/strong> (Spanien) Regie:<strong>\u00a0<\/strong>David Villarrubia Lorenzo<\/p>\n<p><strong>Justice<\/strong> (Frankreich)\u00a0Regie:\u00a0Marc Faye<\/p>\n<p><strong>Fishing<\/strong> (Deutschland)\u00a0Regie:\u00a0Andreas D\u00fcrr<\/p>\n<p><span style=\"color: #ffffff;\">.<\/span><\/p>\n<h3 style=\"text-align: center;\"><strong>Festival panorama:<\/strong><\/h3>\n<h4 style=\"text-align: center;\"><strong>GESCHICHTEN FILM PANORAMA<\/strong><\/h4>\n<h4 style=\"text-align: center;\"><strong>BIZARRE ANIMATION PANORAMA<\/strong><\/h4>\n<h4 style=\"text-align: center;\"><strong>MUSIKALISCHE MOTIVE PANORAMA<\/strong><\/h4>\n<h4 style=\"text-align: center;\"><strong>HUMORVOLLE KURZFILME PANORAMA<\/strong><\/h4>\n<p><span style=\"color: #ffffff;\">.<\/span><\/p>\n<h3 style=\"text-align: center;\"><strong>Retrospektive von Steven Subotnick:<\/strong><\/h3>\n<h4 style=\"text-align: center;\"><strong>STEVEN SUBOTNICK KREATIONEN (USA)<\/strong><\/h4>\n<p>&nbsp;<\/p>\n<h3 style=\"text-align: center;\"><strong>Programme von Bildungseinrichtungen:<\/strong><\/h3>\n<h4 style=\"text-align: center;\"><strong>RUBIKA AND P\u00d4LE 3D SCHOOLS (FRANKREICH)<\/strong><\/h4>\n<h4 style=\"text-align: center;\">ESTONIAN ACADEMY OF ARTS (ESTLAND)<\/h4>\n<h4 style=\"text-align: center;\">STUDENT FILMS FROM TAIWAN (TAIWAN)<\/h4>\n<p>[\/vc_column_text][\/vc_column][vc_column width=&#187;1\/6&#8243;][\/vc_column][\/vc_row][vc_row][vc_column][vc_empty_space height=&#187;62px&#187;][\/vc_column][\/vc_row]<\/p>\n<\/div>","protected":false},"excerpt":{"rendered":"<p>[vc_row][vc_column width=&#187;1\/6&#8243;][\/vc_column][vc_column width=&#187;2\/3&#8243;][vc_empty_space height=&#187;62px&#187;][vc_column_text] Liebe Freunde! Wir geben die Auswahlergebnisse f\u00fcr das T-Short Festival 2022 bekannt. Zur Auswahl des Festivals wurden etwas mehr als 1600 Animationsarbeiten eingereicht. In allen Programmen des Festivals werden 296 Animationskreationen aus 52 L\u00e4ndern der Welt gezeigt. Wir pr\u00e4sentieren Ihnen die Programme des T-Short Festivals 2022! . Wettbewerbsprogramme des Festivals: . [&hellip;]<\/p>\n","protected":false},"author":1,"featured_media":0,"parent":0,"menu_order":0,"comment_status":"closed","ping_status":"closed","template":"page.php","meta":{"footnotes":""},"class_list":["post-1342","page","type-page","status-publish","hentry"],"_links":{"self":[{"href":"https:\/\/t-short.art\/intro\/index.php\/wp-json\/wp\/v2\/pages\/1342","targetHints":{"allow":["GET"]}}],"collection":[{"href":"https:\/\/t-short.art\/intro\/index.php\/wp-json\/wp\/v2\/pages"}],"about":[{"href":"https:\/\/t-short.art\/intro\/index.php\/wp-json\/wp\/v2\/types\/page"}],"author":[{"embeddable":true,"href":"https:\/\/t-short.art\/intro\/index.php\/wp-json\/wp\/v2\/users\/1"}],"replies":[{"embeddable":true,"href":"https:\/\/t-short.art\/intro\/index.php\/wp-json\/wp\/v2\/comments?post=1342"}],"version-history":[{"count":20,"href":"https:\/\/t-short.art\/intro\/index.php\/wp-json\/wp\/v2\/pages\/1342\/revisions"}],"predecessor-version":[{"id":1908,"href":"https:\/\/t-short.art\/intro\/index.php\/wp-json\/wp\/v2\/pages\/1342\/revisions\/1908"}],"wp:attachment":[{"href":"https:\/\/t-short.art\/intro\/index.php\/wp-json\/wp\/v2\/media?parent=1342"}],"curies":[{"name":"wp","href":"https:\/\/api.w.org\/{rel}","templated":true}]}}