{"id":1253,"date":"2023-08-20T10:47:08","date_gmt":"2023-08-20T08:47:08","guid":{"rendered":"https:\/\/t-short.art\/intro\/?page_id=1253"},"modified":"2023-12-03T15:20:02","modified_gmt":"2023-12-03T13:20:02","slug":"selection-results-2021","status":"publish","type":"page","link":"https:\/\/t-short.art\/intro\/index.php\/de\/selection-results-2021\/","title":{"rendered":"Auswahlergebnisse 2021"},"content":{"rendered":"<div class=\"wpb-content-wrapper\"><p>[vc_row][vc_column width=&#187;1\/6&#8243;][vc_column_text][\/vc_column_text][\/vc_column][vc_column width=&#187;2\/3&#8243;][vc_empty_space height=&#187;62px&#187;][vc_column_text]<\/p>\n<h3 style=\"text-align: center;\">Ergebnisse der Filmauswahl<\/h3>\n<p>Wir freuen uns, Ihnen die Ergebnisse der Auswahl der Filme f\u00fcr die Festivalprogramme mitzuteilen.<\/p>\n<p>Insgesamt wurden f\u00fcr die Filmauswahl knapp <strong>1.500 Bewerbungen<\/strong> eingereicht.<\/p>\n<p>Alle Festivalprogramme umfassen <strong>347 animierte Kurzfilme aus 63 L\u00e4ndern<\/strong>.<\/p>\n<p><strong>184 Kurzfilme wurden f\u00fcr die Wettbewerbsprogramme des Festivals ausgew\u00e4hlt.<\/strong><\/p>\n<p><strong>49 Kurzfilme<\/strong> wurden in das Wettbewerbsprogramm <strong>\u201eStoryline-Filme\u201c<\/strong> aufgenommen.<\/p>\n<p><strong>29 Kurzfilme<\/strong> wurden in das Wettbewerbsprogramm <strong>\u201eExperimentelle Animation\u201c<\/strong> aufgenommen.<\/p>\n<p><strong>39 Kurzfilme<\/strong> wurden in das Wettbewerbsprogramm <strong>\u201eStudentenfilme\u201c<\/strong> aufgenommen.<\/p>\n<p><strong>23\u00a0Kurzfilme<\/strong> wurden in das Wettbewerbsprogramm <strong>\u201eMusikalische Motive\u201c<\/strong>\u00a0aufgenommen.<\/p>\n<p><strong>44 Kurzfilme<\/strong> wurden in das Wettbewerbsprogramm <strong>\u201eHuman Factor\u201c<\/strong> aufgenommen.<\/p>\n<p><strong>Folgende Programme werden von der Jury und der Redaktion des Festivals bewertet:<\/strong><\/p>\n<p>Wettbewerbsprogramm \u201eStoryline-Filme\u201c.<br \/>\nWettbewerbsprogramm \u201eExperimentelle Animation\u201c.<br \/>\nWettbewerbsprogramm \u201eStudentenfilme\u201c.<\/p>\n<p><strong>Die folgenden Programme werden ausschlie\u00dflich von der Redaktion des Festivals bewertet:<\/strong><\/p>\n<p>Wettbewerbsprogramm \u201eMusikalische Motive\u201c.<br \/>\nWettbewerbsprogramm \u201eHuman Factor\u201c.<\/p>\n<p><strong>112 Kurzfilme wurden f\u00fcr die au\u00dferwettbewerblichen Programme des Festivals ausgew\u00e4hlt.<\/strong><\/p>\n<p><strong>48 Kurzfilme<\/strong> wurden in das Au\u00dferwettbewerbsprogramm <strong>\u201eStoryline-Filme\u201c<\/strong> aufgenommen.<\/p>\n<p><strong>20 Kurzfilme<\/strong> wurden in das Au\u00dferwettbewerbsprogramm <strong>\u201eExperimentelle Animation\u201c<\/strong> aufgenommen.<\/p>\n<p><strong>44 Kurzfilme<\/strong> wurden in das Au\u00dferwettbewerbsprogramm <strong>\u201eStudentenfilme\u201c<\/strong> aufgenommen.<\/p>\n<p><strong>Auf dem Festival werden folgende Programme pr\u00e4sentiert:<\/strong><\/p>\n<p>Ein Programm mit lustigen Filmen der Regisseure Nicolas Bianco-Levrin und Julie Rembauville aus Frankreich \u2013 <strong>\u201e11 Geschichten von Nicolas &amp; Julie\u201c<\/strong>.<\/p>\n<p>Wundersch\u00f6nes Studenten-Kurzfilmprogramm aus Frankreich von ECV \u2013 Creative Schools &amp; Community, bereitgestellt von der Vertriebsgesellschaft Yummy Films \u2013 <strong>\u201eStudent Films by ECV\u201c<\/strong><\/p>\n<p>Ein interessantes und abwechslungsreiches Programm mit Studentenfilmen aus Taiwan der National Yunlin University of Science and Technology \u2013 <strong>\u201eTaiwan Film Program\u201c<\/strong><\/p>\n<p>Eine Retrospektive der experimentellen Animation von Eric Leiser \u2013 <strong>\u201eEric Leiser&#8217;s Experimental Shorts\u201c<\/strong>. Eric Leiser ist ein preisgekr\u00f6nter K\u00fcnstler, Experimentalfilmer, Animator und Holograf, der in New York lebt und in Kalifornien geboren wurde. Als Absolvent des CalArts Experimental Animation-Programms kreiert er komplexe Werke aus Film, Skulptur, Holografie und Malerei sowie Filminstallationen, die Animation, Malerei, Skulptur, Holografie und Live-Performance integrieren.<\/p>\n<p><strong>Wir erwarten Sie vom 7. bis 30. April auf dem Festival.<\/strong><\/p>\n<p><strong>Euer T-Short-Team!<\/strong>[\/vc_column_text][vc_empty_space height=&#187;62px&#187;][\/vc_column][vc_column width=&#187;1\/6&#8243;][\/vc_column][\/vc_row]<\/p>\n<\/div>","protected":false},"excerpt":{"rendered":"<p>[vc_row][vc_column width=&#187;1\/6&#8243;][vc_column_text][\/vc_column_text][\/vc_column][vc_column width=&#187;2\/3&#8243;][vc_empty_space height=&#187;62px&#187;][vc_column_text] Ergebnisse der Filmauswahl Wir freuen uns, Ihnen die Ergebnisse der Auswahl der Filme f\u00fcr die Festivalprogramme mitzuteilen. Insgesamt wurden f\u00fcr die Filmauswahl knapp 1.500 Bewerbungen eingereicht. Alle Festivalprogramme umfassen 347 animierte Kurzfilme aus 63 L\u00e4ndern. 184 Kurzfilme wurden f\u00fcr die Wettbewerbsprogramme des Festivals ausgew\u00e4hlt. 49 Kurzfilme wurden in das Wettbewerbsprogramm \u201eStoryline-Filme\u201c [&hellip;]<\/p>\n","protected":false},"author":1,"featured_media":0,"parent":0,"menu_order":0,"comment_status":"closed","ping_status":"closed","template":"page.php","meta":{"footnotes":""},"class_list":["post-1253","page","type-page","status-publish","hentry"],"_links":{"self":[{"href":"https:\/\/t-short.art\/intro\/index.php\/wp-json\/wp\/v2\/pages\/1253","targetHints":{"allow":["GET"]}}],"collection":[{"href":"https:\/\/t-short.art\/intro\/index.php\/wp-json\/wp\/v2\/pages"}],"about":[{"href":"https:\/\/t-short.art\/intro\/index.php\/wp-json\/wp\/v2\/types\/page"}],"author":[{"embeddable":true,"href":"https:\/\/t-short.art\/intro\/index.php\/wp-json\/wp\/v2\/users\/1"}],"replies":[{"embeddable":true,"href":"https:\/\/t-short.art\/intro\/index.php\/wp-json\/wp\/v2\/comments?post=1253"}],"version-history":[{"count":11,"href":"https:\/\/t-short.art\/intro\/index.php\/wp-json\/wp\/v2\/pages\/1253\/revisions"}],"predecessor-version":[{"id":1875,"href":"https:\/\/t-short.art\/intro\/index.php\/wp-json\/wp\/v2\/pages\/1253\/revisions\/1875"}],"wp:attachment":[{"href":"https:\/\/t-short.art\/intro\/index.php\/wp-json\/wp\/v2\/media?parent=1253"}],"curies":[{"name":"wp","href":"https:\/\/api.w.org\/{rel}","templated":true}]}}