{"id":1208,"date":"2023-08-19T11:43:18","date_gmt":"2023-08-19T09:43:18","guid":{"rendered":"https:\/\/t-short.art\/intro\/?page_id=1208"},"modified":"2023-12-03T22:14:05","modified_gmt":"2023-12-03T20:14:05","slug":"jury-2022","status":"publish","type":"page","link":"https:\/\/t-short.art\/intro\/index.php\/de\/jury-2022\/","title":{"rendered":"Jury 2022"},"content":{"rendered":"<div class=\"wpb-content-wrapper\"><p>[vc_row][vc_column width=&#187;1\/6&#8243;][\/vc_column][vc_column width=&#187;2\/3&#8243;][vc_empty_space height=&#187;62px&#187;][vc_column_text]<\/p>\n<h3 style=\"text-align: center;\">Steven Subotnick (USA)<\/h3>\n<p><img loading=\"lazy\" decoding=\"async\" class=\"aligncenter wp-image-1213 size-full\" src=\"https:\/\/t-short.art\/intro\/wp-content\/uploads\/2023\/08\/Steven-Subotnick.jpg\" alt=\"\" width=\"800\" height=\"800\" srcset=\"https:\/\/t-short.art\/intro\/wp-content\/uploads\/2023\/08\/Steven-Subotnick.jpg 800w, https:\/\/t-short.art\/intro\/wp-content\/uploads\/2023\/08\/Steven-Subotnick-300x300.jpg 300w, https:\/\/t-short.art\/intro\/wp-content\/uploads\/2023\/08\/Steven-Subotnick-150x150.jpg 150w, https:\/\/t-short.art\/intro\/wp-content\/uploads\/2023\/08\/Steven-Subotnick-768x768.jpg 768w, https:\/\/t-short.art\/intro\/wp-content\/uploads\/2023\/08\/Steven-Subotnick-80x80.jpg 80w, https:\/\/t-short.art\/intro\/wp-content\/uploads\/2023\/08\/Steven-Subotnick-500x500.jpg 500w\" sizes=\"auto, (max-width: 800px) 100vw, 800px\" \/><\/p>\n<p>Stevens Animationen sind komprimiert und poetisch. Durch einen experimentellen und iterativen Herstellungs- und Bearbeitungsprozess erforscht er Resonanzen in so unterschiedlichen Themen wie Geschichte, Wissenschaft, Evolution und Religion. Sein Kunstwerk beginnt mit physischen Materialien \u2013 Papier, Tinte, Farbe, Pappmach\u00e9, Lumpen, Fotografien, Holz \u2013 die dann durch digitale Manipulation transformiert werden. Sein Ziel ist es, Ideen im Akt der Entstehung zu verk\u00f6rpern \u2013 ein Film \u00fcber die Evolution wird mit geschlossenen Augen geradeaus gezeichnet. Der Ton ist ein wichtiger Teil seines Filmemachens. Er erstellt Tracks, um den Bildern eine Stimme zu verleihen, und es ist die Kombination aus Bild und Ton, die die volle Identit\u00e4t des Films ausmacht.<\/p>\n<p>Stevens Filme wurden auf Festivals, Galerien, Museen und kuratierten Ausstellungen auf der ganzen Welt gezeigt. Er ist Empf\u00e4nger wichtiger Zusch\u00fcsse und Stipendien, darunter ein Guggenheim-Stipendium, ein LEF-Stipendium und ein AFI-Stipendium. Seine Filme wurden mit Preisen wie dem \u201eGrand Prix\u201c beim Holland Animation Film Festival und dem \u201eHigh Risk Award\u201c beim Fantoche Animation Festival ausgezeichnet. 2018 hatte er eine Retrospektive seiner Filme beim Ottawa International Animation Festival. Er erhielt Aufenthalte in der MacDowell Colony und der Yaddo Corporation. Steven ist auch ein engagierter Lehrer. Er unterrichtet seit \u00fcber drei\u00dfig Jahren Animation an Hochschulen und Universit\u00e4ten, darunter an der Harvard University, dem Massachusetts College of Art and Design und der Rhode Island School of Design, wo er derzeit Abschlussarbeiten im Bereich Animation unterrichtet.<\/p>\n<h3 style=\"text-align: center;\">Mira Yankova (Bulgarien)<\/h3>\n<p><img loading=\"lazy\" decoding=\"async\" class=\"aligncenter wp-image-1217 size-full\" src=\"https:\/\/t-short.art\/intro\/wp-content\/uploads\/2023\/08\/Mira-Yankova.jpg\" alt=\"\" width=\"1000\" height=\"1000\" srcset=\"https:\/\/t-short.art\/intro\/wp-content\/uploads\/2023\/08\/Mira-Yankova.jpg 1000w, https:\/\/t-short.art\/intro\/wp-content\/uploads\/2023\/08\/Mira-Yankova-300x300.jpg 300w, https:\/\/t-short.art\/intro\/wp-content\/uploads\/2023\/08\/Mira-Yankova-150x150.jpg 150w, https:\/\/t-short.art\/intro\/wp-content\/uploads\/2023\/08\/Mira-Yankova-768x768.jpg 768w, https:\/\/t-short.art\/intro\/wp-content\/uploads\/2023\/08\/Mira-Yankova-80x80.jpg 80w, https:\/\/t-short.art\/intro\/wp-content\/uploads\/2023\/08\/Mira-Yankova-500x500.jpg 500w\" sizes=\"auto, (max-width: 1000px) 100vw, 1000px\" \/><\/p>\n<p>Absolvent der Nationalen Akademie der Sch\u00f6nen K\u00fcnste und Master-Abschluss der Neuen Bulgarischen Universit\u00e4t in \u201eKino- und Fernsehregie\u201c.\u00a0Sie arbeitet als 2D- und 3D-Animatorin, B\u00fchnenbildnerin und Regieassistentin.<\/p>\n<p>Mira Yankova ist eine bulgarische bildende K\u00fcnstlerin, die im Bereich der Videokunst arbeitet. Ihre Videokunstwerke wurden in Venedig bei einer Begleitveranstaltung der 57. Biennale von Venedig 2017 und in einer Reihe internationaler kuratorischer Projekte in Lissabon, London, Bogot\u00e1, Wien usw. gezeigt. \u201eButterfly &amp; Mouse\u201c ist ihr erster Kurzfilm.<\/p>\n<h3 style=\"text-align: center;\">Hossein Moradizadeh (Iran)<\/h3>\n<p><img loading=\"lazy\" decoding=\"async\" class=\"aligncenter wp-image-1219 size-large\" src=\"https:\/\/t-short.art\/intro\/wp-content\/uploads\/2023\/08\/Hossein-1024x1024.jpg\" alt=\"\" width=\"1024\" height=\"1024\" srcset=\"https:\/\/t-short.art\/intro\/wp-content\/uploads\/2023\/08\/Hossein-1024x1024.jpg 1024w, https:\/\/t-short.art\/intro\/wp-content\/uploads\/2023\/08\/Hossein-300x300.jpg 300w, https:\/\/t-short.art\/intro\/wp-content\/uploads\/2023\/08\/Hossein-150x150.jpg 150w, https:\/\/t-short.art\/intro\/wp-content\/uploads\/2023\/08\/Hossein-768x767.jpg 768w, https:\/\/t-short.art\/intro\/wp-content\/uploads\/2023\/08\/Hossein-80x80.jpg 80w, https:\/\/t-short.art\/intro\/wp-content\/uploads\/2023\/08\/Hossein-500x500.jpg 500w, https:\/\/t-short.art\/intro\/wp-content\/uploads\/2023\/08\/Hossein-1000x1000.jpg 1000w, https:\/\/t-short.art\/intro\/wp-content\/uploads\/2023\/08\/Hossein.jpg 1206w\" sizes=\"auto, (max-width: 1024px) 100vw, 1024px\" \/><\/p>\n<p>Hossein wurde 1970 geboren. 1992 schloss er sein Studium an der Radio- und Fernsehuniversit\u00e4t mit einem Bachelor in Animationsregie ab. Er hat bei zw\u00f6lf animierten Kurzfilmen, drei animierten Spielfilmen und zwei Zeichentrickserien Regie gef\u00fchrt sowie kurze Dokumentarfilme gedreht und produziert.<\/p>\n<p>Mora Studio begann seine T\u00e4tigkeit im Jahr 1989 und konzentrierte sich auf die Produktion und Erforschung experimenteller Filme, insbesondere abstrakter Animationen. Er arbeitet mit Universit\u00e4ten und Forschungszentren zusammen. Dieses kleine und unabh\u00e4ngige Studio produziert Low-Budget-Filme und ist lediglich ein Kunststudio mit konstruktiven Beziehungen zu anderen Zentren auf der ganzen Welt.<\/p>\n<h3 style=\"text-align: center;\">Roze Stiebra (Lettland)<\/h3>\n<p><img loading=\"lazy\" decoding=\"async\" class=\"aligncenter wp-image-1197 size-full\" src=\"https:\/\/t-short.art\/intro\/wp-content\/uploads\/2023\/08\/Roze-Stiebra.jpg\" alt=\"\" width=\"797\" height=\"796\" srcset=\"https:\/\/t-short.art\/intro\/wp-content\/uploads\/2023\/08\/Roze-Stiebra.jpg 797w, https:\/\/t-short.art\/intro\/wp-content\/uploads\/2023\/08\/Roze-Stiebra-300x300.jpg 300w, https:\/\/t-short.art\/intro\/wp-content\/uploads\/2023\/08\/Roze-Stiebra-150x150.jpg 150w, https:\/\/t-short.art\/intro\/wp-content\/uploads\/2023\/08\/Roze-Stiebra-768x767.jpg 768w, https:\/\/t-short.art\/intro\/wp-content\/uploads\/2023\/08\/Roze-Stiebra-80x80.jpg 80w, https:\/\/t-short.art\/intro\/wp-content\/uploads\/2023\/08\/Roze-Stiebra-500x500.jpg 500w\" sizes=\"auto, (max-width: 797px) 100vw, 797px\" \/><\/p>\n<p>Roze Stiebra wurde am 17. M\u00e4rz 1942 in Riga geboren. 1964 schloss sie ihr Studium an der Fakult\u00e4t f\u00fcr Puppenspiel der Staatlichen Theaterkunstakademie Sankt Petersburg ab und arbeitete anschlie\u00dfend als Animatorin f\u00fcr das lettische Fernsehen (Studio Telefilm-Riga 1966\u20131987), das Rigaer Filmstudio (1987\u20131990) und den Animationsbereich Studio Dauka (seit 1991)).<\/p>\n<p>Sechsmal erhielt sie den Lielais Kristaps Award als \u201eBester Animationsfilm\u201c f\u00fcr ihre Filme \u201eK\u0101 es braucu Zieme\u013cmeitas l\u016bkoties\u201c (1980), \u201eKabata\u201c (1983), \u201eSkat\u0101mpanti\u201c (1988) und \u201eNess un Nesija\u201c ( 1993), \u201ePasaci\u0146as. Miega vilcieni\u0146\u0161\u201c (1998) und \u201eThe Unusual Rigans\u201c (2001).<\/p>\n<p>Sie ist Mitglied der International Animated Film Association. 1995 wurde sie mit dem Sp\u012bdolas-Preis geehrt, der h\u00f6chsten Auszeichnung der Lettischen Kulturstiftung. Im Jahr 2005 erhielt Roze den lettischen Drei-Sterne-Orden.[\/vc_column_text][\/vc_column][vc_column width=&#187;1\/6&#8243;][\/vc_column][\/vc_row][vc_row][vc_column][vc_empty_space height=&#187;62px&#187;][\/vc_column][\/vc_row]<\/p>\n<\/div>","protected":false},"excerpt":{"rendered":"<p>[vc_row][vc_column width=&#187;1\/6&#8243;][\/vc_column][vc_column width=&#187;2\/3&#8243;][vc_empty_space height=&#187;62px&#187;][vc_column_text] Steven Subotnick (USA) Stevens Animationen sind komprimiert und poetisch. Durch einen experimentellen und iterativen Herstellungs- und Bearbeitungsprozess erforscht er Resonanzen in so unterschiedlichen Themen wie Geschichte, Wissenschaft, Evolution und Religion. Sein Kunstwerk beginnt mit physischen Materialien \u2013 Papier, Tinte, Farbe, Pappmach\u00e9, Lumpen, Fotografien, Holz \u2013 die dann durch digitale Manipulation transformiert [&hellip;]<\/p>\n","protected":false},"author":1,"featured_media":0,"parent":0,"menu_order":0,"comment_status":"closed","ping_status":"closed","template":"page.php","meta":{"footnotes":""},"class_list":["post-1208","page","type-page","status-publish","hentry"],"_links":{"self":[{"href":"https:\/\/t-short.art\/intro\/index.php\/wp-json\/wp\/v2\/pages\/1208","targetHints":{"allow":["GET"]}}],"collection":[{"href":"https:\/\/t-short.art\/intro\/index.php\/wp-json\/wp\/v2\/pages"}],"about":[{"href":"https:\/\/t-short.art\/intro\/index.php\/wp-json\/wp\/v2\/types\/page"}],"author":[{"embeddable":true,"href":"https:\/\/t-short.art\/intro\/index.php\/wp-json\/wp\/v2\/users\/1"}],"replies":[{"embeddable":true,"href":"https:\/\/t-short.art\/intro\/index.php\/wp-json\/wp\/v2\/comments?post=1208"}],"version-history":[{"count":20,"href":"https:\/\/t-short.art\/intro\/index.php\/wp-json\/wp\/v2\/pages\/1208\/revisions"}],"predecessor-version":[{"id":1879,"href":"https:\/\/t-short.art\/intro\/index.php\/wp-json\/wp\/v2\/pages\/1208\/revisions\/1879"}],"wp:attachment":[{"href":"https:\/\/t-short.art\/intro\/index.php\/wp-json\/wp\/v2\/media?parent=1208"}],"curies":[{"name":"wp","href":"https:\/\/api.w.org\/{rel}","templated":true}]}}