{"id":1164,"date":"2023-08-12T10:29:38","date_gmt":"2023-08-12T08:29:38","guid":{"rendered":"https:\/\/t-short.art\/intro\/?page_id=1164"},"modified":"2024-08-04T19:40:47","modified_gmt":"2024-08-04T17:40:47","slug":"jury2021","status":"publish","type":"page","link":"https:\/\/t-short.art\/intro\/index.php\/de\/jury2021\/","title":{"rendered":"Jury 2021"},"content":{"rendered":"<div class=\"wpb-content-wrapper\"><p>[vc_row][vc_column][vc_empty_space height=&#187;62px&#187;][\/vc_column][\/vc_row][vc_row][vc_column width=&#187;1\/6&#8243;][\/vc_column][vc_column width=&#187;2\/3&#8243;][vc_column_text]<\/p>\n<h3><\/h3>\n<h3 style=\"text-align: center;\">Koji Yamamura (Japan)<\/h3>\n<p><img loading=\"lazy\" decoding=\"async\" class=\"aligncenter wp-image-1123 size-full\" src=\"https:\/\/t-short.art\/intro\/wp-content\/uploads\/2023\/08\/Koji-Yamamura.jpg\" alt=\"\" width=\"1152\" height=\"1152\" srcset=\"https:\/\/t-short.art\/intro\/wp-content\/uploads\/2023\/08\/Koji-Yamamura.jpg 1152w, https:\/\/t-short.art\/intro\/wp-content\/uploads\/2023\/08\/Koji-Yamamura-300x300.jpg 300w, https:\/\/t-short.art\/intro\/wp-content\/uploads\/2023\/08\/Koji-Yamamura-1024x1024.jpg 1024w, https:\/\/t-short.art\/intro\/wp-content\/uploads\/2023\/08\/Koji-Yamamura-150x150.jpg 150w, https:\/\/t-short.art\/intro\/wp-content\/uploads\/2023\/08\/Koji-Yamamura-768x768.jpg 768w, https:\/\/t-short.art\/intro\/wp-content\/uploads\/2023\/08\/Koji-Yamamura-80x80.jpg 80w, https:\/\/t-short.art\/intro\/wp-content\/uploads\/2023\/08\/Koji-Yamamura-500x500.jpg 500w, https:\/\/t-short.art\/intro\/wp-content\/uploads\/2023\/08\/Koji-Yamamura-1000x1000.jpg 1000w\" sizes=\"auto, (max-width: 1152px) 100vw, 1152px\" \/><\/p>\n<p style=\"text-align: left;\">Koji Yamamura wurde 1964 geboren. Koji begann im Alter von 13 Jahren als Amateur mit der Arbeit an Animationsfilmen. In den 1990er Jahren erkundete er verschiedene Stile und Techniken und arbeitete haupts\u00e4chlich an Filmen f\u00fcr Kinder. \u201eMountain Head\u201c wurde f\u00fcr den Oscar als bester animierter Kurzfilm nominiert und war der Wendepunkt, der ihn zu den ber\u00fchmtesten Animationsfilmemachern der Welt f\u00fchrte. Zu seinen Hauptwerken z\u00e4hlen seitdem \u201eDas alte Krokodil\u201c (2005), \u201eLandarzt\u201c von Franz Kafka (2007) und \u201eStreicher von Muybridge\u201c (2011). Seine Filme wurden mit \u00fcber 90 Preisen ausgezeichnet, darunter mit dem Grand Prix von vier gro\u00dfen internationalen Animationsfilmfestivals: Annecy, Zagreb, Ottawa und Hiroshima. Er war Mitglied zahlreicher internationaler Jurys und hat zahlreiche Retrospektiven auf der ganzen Welt gezeigt. Auf der Animac, der Internationalen Ausstellung f\u00fcr Animation in Katalonien, belegte er 2021 den 2. Platz unter den 25 besten Kurzanimationsfilmregisseuren der letzten 25 Jahre. Er wurde 2019 mit der Nationalmedaille mit \u201ePurple Ribbon\u201c belohnt.<\/p>\n<p style=\"text-align: left;\">Mitglied der Academy of Motion Picture Arts and Sciences.<\/p>\n<p style=\"text-align: left;\">Professor an der Universit\u00e4t der K\u00fcnste Tokio.<\/p>\n<h3 style=\"text-align: center;\">Juan Pablo Zaramella (Argentinien)<\/h3>\n<p><img loading=\"lazy\" decoding=\"async\" class=\"aligncenter wp-image-1193 size-full\" src=\"https:\/\/t-short.art\/intro\/wp-content\/uploads\/2023\/08\/Juan-Pablo-Zaramella.jpg\" alt=\"\" width=\"1076\" height=\"1079\" srcset=\"https:\/\/t-short.art\/intro\/wp-content\/uploads\/2023\/08\/Juan-Pablo-Zaramella.jpg 1076w, https:\/\/t-short.art\/intro\/wp-content\/uploads\/2023\/08\/Juan-Pablo-Zaramella-300x300.jpg 300w, https:\/\/t-short.art\/intro\/wp-content\/uploads\/2023\/08\/Juan-Pablo-Zaramella-1021x1024.jpg 1021w, https:\/\/t-short.art\/intro\/wp-content\/uploads\/2023\/08\/Juan-Pablo-Zaramella-150x150.jpg 150w, https:\/\/t-short.art\/intro\/wp-content\/uploads\/2023\/08\/Juan-Pablo-Zaramella-768x770.jpg 768w, https:\/\/t-short.art\/intro\/wp-content\/uploads\/2023\/08\/Juan-Pablo-Zaramella-80x80.jpg 80w, https:\/\/t-short.art\/intro\/wp-content\/uploads\/2023\/08\/Juan-Pablo-Zaramella-500x500.jpg 500w\" sizes=\"auto, (max-width: 1076px) 100vw, 1076px\" \/><\/p>\n<p style=\"text-align: left;\">Juan Pablo Zaramella ist Regisseur, Animator und Illustrator mit einem starken Interesse an Kreativit\u00e4t und Ideen.<\/p>\n<p style=\"text-align: left;\">Im Jahr 2010 pr\u00e4sentierte das Annecy International Animation Festival ein Sonderprogramm mit einer Auswahl seiner Werke.\u200b<\/p>\n<p style=\"text-align: left;\">Sein Film Luminaris gewann 324 Auszeichnungen und hielt 2018 den Guinness-Weltrekord f\u00fcr den am meisten ausgezeichneten Kurzfilm in der Geschichte der Animation, darunter den Publikumspreis und den Fipresci Award in Annecy 2011, und stand au\u00dferdem auf der Oscar-Shortlist.<\/p>\n<p style=\"text-align: left;\">Im Jahr 2016 schuf und inszenierte er bei \u201eThe Tiniest Man in the World\u201c, einer Serie mit 52 Episoden, die in Koproduktion mit Frankreich und Argentinien entstand.<\/p>\n<p style=\"text-align: left;\">Zaramellas neue Projekte sind ein neuer Kurzfilm namens \u201ePassenger\u201c (in Produktion) und ein in Entwicklung befindlicher Spielfilm namens CODA, Projektgewinner des Ciclic Award bei Annecy-Mifa 2020.<\/p>\n<h3 style=\"text-align: center;\">Roze Stiebra (Lettland)<\/h3>\n<p><img loading=\"lazy\" decoding=\"async\" class=\"aligncenter wp-image-1197 size-full\" src=\"https:\/\/t-short.art\/intro\/wp-content\/uploads\/2023\/08\/Roze-Stiebra.jpg\" alt=\"\" width=\"797\" height=\"796\" srcset=\"https:\/\/t-short.art\/intro\/wp-content\/uploads\/2023\/08\/Roze-Stiebra.jpg 797w, https:\/\/t-short.art\/intro\/wp-content\/uploads\/2023\/08\/Roze-Stiebra-300x300.jpg 300w, https:\/\/t-short.art\/intro\/wp-content\/uploads\/2023\/08\/Roze-Stiebra-150x150.jpg 150w, https:\/\/t-short.art\/intro\/wp-content\/uploads\/2023\/08\/Roze-Stiebra-768x767.jpg 768w, https:\/\/t-short.art\/intro\/wp-content\/uploads\/2023\/08\/Roze-Stiebra-80x80.jpg 80w, https:\/\/t-short.art\/intro\/wp-content\/uploads\/2023\/08\/Roze-Stiebra-500x500.jpg 500w\" sizes=\"auto, (max-width: 797px) 100vw, 797px\" \/><\/p>\n<p style=\"text-align: left;\">Roze Stiebra wurde am 17. M\u00e4rz 1942 in Riga geboren. 1964 schloss sie ihr Studium an der Fakult\u00e4t f\u00fcr Puppenspiel der Staatlichen Theaterkunstakademie Sankt Petersburg ab und arbeitete anschlie\u00dfend als Animatorin f\u00fcr das lettische Fernsehen (Studio Telefilm-Riga 1966\u20131987), das Rigaer Filmstudio (1987\u20131990) und den Animationsbereich Studio Dauka (seit 1991)).<\/p>\n<p style=\"text-align: left;\">Sechsmal erhielt sie den Lielais Kristaps Award als \u201eBester Animationsfilm\u201c f\u00fcr ihre Filme \u201eK\u0101 es braucu Zieme\u013cmeitas l\u016bkoties\u201c (1980), \u201eKabata\u201c (1983), \u201eSkat\u0101mpanti\u201c (1988) und \u201eNess un Nesija\u201c ( 1993), \u201ePasaci\u0146as. Miega vilcieni\u0146\u0161\u201c (1998) und \u201eThe Unusual Rigans\u201c (2001).<\/p>\n<p style=\"text-align: left;\">Sie ist Mitglied der International Animated Film Association. 1995 wurde sie mit dem Sp\u012bdolas-Preis geehrt, der h\u00f6chsten Auszeichnung der Lettischen Kulturstiftung. Im Jahr 2005 erhielt Roze den lettischen Drei-Sterne-Orden.<\/p>\n<h3 style=\"text-align: center;\">Kwok Fung Lam (Gro\u00dfbritannien)<\/h3>\n<p><img loading=\"lazy\" decoding=\"async\" class=\"aligncenter wp-image-1201 size-large\" src=\"https:\/\/t-short.art\/intro\/wp-content\/uploads\/2023\/08\/Kwok-Fung-Lam-1024x1024.jpg\" alt=\"\" width=\"1024\" height=\"1024\" srcset=\"https:\/\/t-short.art\/intro\/wp-content\/uploads\/2023\/08\/Kwok-Fung-Lam-1024x1024.jpg 1024w, https:\/\/t-short.art\/intro\/wp-content\/uploads\/2023\/08\/Kwok-Fung-Lam-300x300.jpg 300w, https:\/\/t-short.art\/intro\/wp-content\/uploads\/2023\/08\/Kwok-Fung-Lam-150x150.jpg 150w, https:\/\/t-short.art\/intro\/wp-content\/uploads\/2023\/08\/Kwok-Fung-Lam-768x768.jpg 768w, https:\/\/t-short.art\/intro\/wp-content\/uploads\/2023\/08\/Kwok-Fung-Lam-1536x1536.jpg 1536w, https:\/\/t-short.art\/intro\/wp-content\/uploads\/2023\/08\/Kwok-Fung-Lam-2048x2048.jpg 2048w, https:\/\/t-short.art\/intro\/wp-content\/uploads\/2023\/08\/Kwok-Fung-Lam-80x80.jpg 80w, https:\/\/t-short.art\/intro\/wp-content\/uploads\/2023\/08\/Kwok-Fung-Lam-500x500.jpg 500w, https:\/\/t-short.art\/intro\/wp-content\/uploads\/2023\/08\/Kwok-Fung-Lam-1000x1000.jpg 1000w\" sizes=\"auto, (max-width: 1024px) 100vw, 1024px\" \/><\/p>\n<p style=\"text-align: left;\">Kwok ist ein Regisseur und Animator, der sich auf spielerische 2D- und 3D-Charakteranimationen sowie narrative Animationen spezialisiert hat. Sein linker Ansatz und sein ehrlich gesagt seltsamer und wunderbarer Geschmack verleihen seiner Arbeit eine einzigartige Wendung.<\/p>\n<p style=\"text-align: left;\">Er erstellt auch Hot-Dog-basierte Animationen und Illustrationen und kreiert Charaktere, die auf den Fantasien seiner Kinder basieren.<\/p>\n<p style=\"text-align: left;\">Sein Film \u201eEat Dog Cat Mouse\u201c wurde 2004 beim <strong><a href=\"https:\/\/www.bimini.lv\/\" target=\"_blank\" rel=\"noopener\">BIMINI-Festival in Riga<\/a><\/strong>, Lettland, als bester Deb\u00fctfilm ausgezeichnet.<\/p>\n<p>[\/vc_column_text][vc_empty_space height=&#187;62px&#187;][\/vc_column][vc_column width=&#187;1\/6&#8243;][\/vc_column][\/vc_row]<\/p>\n<\/div>","protected":false},"excerpt":{"rendered":"<p>[vc_row][vc_column][vc_empty_space height=&#187;62px&#187;][\/vc_column][\/vc_row][vc_row][vc_column width=&#187;1\/6&#8243;][\/vc_column][vc_column width=&#187;2\/3&#8243;][vc_column_text] Koji Yamamura (Japan) Koji Yamamura wurde 1964 geboren. Koji begann im Alter von 13 Jahren als Amateur mit der Arbeit an Animationsfilmen. In den 1990er Jahren erkundete er verschiedene Stile und Techniken und arbeitete haupts\u00e4chlich an Filmen f\u00fcr Kinder. \u201eMountain Head\u201c wurde f\u00fcr den Oscar als bester animierter Kurzfilm nominiert und [&hellip;]<\/p>\n","protected":false},"author":1,"featured_media":0,"parent":0,"menu_order":0,"comment_status":"closed","ping_status":"closed","template":"page.php","meta":{"footnotes":""},"class_list":["post-1164","page","type-page","status-publish","hentry"],"_links":{"self":[{"href":"https:\/\/t-short.art\/intro\/index.php\/wp-json\/wp\/v2\/pages\/1164","targetHints":{"allow":["GET"]}}],"collection":[{"href":"https:\/\/t-short.art\/intro\/index.php\/wp-json\/wp\/v2\/pages"}],"about":[{"href":"https:\/\/t-short.art\/intro\/index.php\/wp-json\/wp\/v2\/types\/page"}],"author":[{"embeddable":true,"href":"https:\/\/t-short.art\/intro\/index.php\/wp-json\/wp\/v2\/users\/1"}],"replies":[{"embeddable":true,"href":"https:\/\/t-short.art\/intro\/index.php\/wp-json\/wp\/v2\/comments?post=1164"}],"version-history":[{"count":24,"href":"https:\/\/t-short.art\/intro\/index.php\/wp-json\/wp\/v2\/pages\/1164\/revisions"}],"predecessor-version":[{"id":2580,"href":"https:\/\/t-short.art\/intro\/index.php\/wp-json\/wp\/v2\/pages\/1164\/revisions\/2580"}],"wp:attachment":[{"href":"https:\/\/t-short.art\/intro\/index.php\/wp-json\/wp\/v2\/media?parent=1164"}],"curies":[{"name":"wp","href":"https:\/\/api.w.org\/{rel}","templated":true}]}}